{"id":862,"date":"2024-06-27T15:12:28","date_gmt":"2024-06-27T13:12:28","guid":{"rendered":"https:\/\/tsvbuddyforever.ch\/tsv\/?page_id=862"},"modified":"2026-02-16T21:02:29","modified_gmt":"2026-02-16T20:02:29","slug":"bailey","status":"publish","type":"page","link":"https:\/\/tsvbuddyforever.ch\/?page_id=862","title":{"rendered":"Bailey"},"content":{"rendered":"\n<figure class=\"wp-block-gallery has-nested-images columns-default is-cropped wp-block-gallery-1 is-layout-flex wp-block-gallery-is-layout-flex\">\n<figure class=\"wp-block-image size-large\"><img loading=\"lazy\" decoding=\"async\" width=\"768\" height=\"1024\" data-id=\"859\" src=\"https:\/\/tsvbuddyforever.ch\/wp-content\/uploads\/2024\/06\/26-m-Bailey4-768x1024.jpeg\" alt=\"\" class=\"wp-image-859\" srcset=\"https:\/\/tsvbuddyforever.ch\/wp-content\/uploads\/2024\/06\/26-m-Bailey4-768x1024.jpeg 768w, https:\/\/tsvbuddyforever.ch\/wp-content\/uploads\/2024\/06\/26-m-Bailey4-225x300.jpeg 225w, https:\/\/tsvbuddyforever.ch\/wp-content\/uploads\/2024\/06\/26-m-Bailey4-1152x1536.jpeg 1152w, https:\/\/tsvbuddyforever.ch\/wp-content\/uploads\/2024\/06\/26-m-Bailey4.jpeg 1500w\" sizes=\"auto, (max-width: 768px) 100vw, 768px\" \/><\/figure>\n\n\n\n<figure class=\"wp-block-image size-large\"><img loading=\"lazy\" decoding=\"async\" width=\"768\" height=\"1024\" data-id=\"864\" src=\"https:\/\/tsvbuddyforever.ch\/tsv\/wp-content\/uploads\/2024\/06\/26-m-Bailey5-768x1024.jpeg\" alt=\"\" class=\"wp-image-864\" srcset=\"https:\/\/tsvbuddyforever.ch\/wp-content\/uploads\/2024\/06\/26-m-Bailey5-768x1024.jpeg 768w, https:\/\/tsvbuddyforever.ch\/wp-content\/uploads\/2024\/06\/26-m-Bailey5-225x300.jpeg 225w, https:\/\/tsvbuddyforever.ch\/wp-content\/uploads\/2024\/06\/26-m-Bailey5-1152x1536.jpeg 1152w, https:\/\/tsvbuddyforever.ch\/wp-content\/uploads\/2024\/06\/26-m-Bailey5.jpeg 1500w\" sizes=\"auto, (max-width: 768px) 100vw, 768px\" \/><\/figure>\n\n\n\n<figure class=\"wp-block-image size-large\"><img loading=\"lazy\" decoding=\"async\" width=\"768\" height=\"1024\" data-id=\"865\" src=\"https:\/\/tsvbuddyforever.ch\/tsv\/wp-content\/uploads\/2024\/06\/26-m-Bailey7-768x1024.jpeg\" alt=\"\" class=\"wp-image-865\" srcset=\"https:\/\/tsvbuddyforever.ch\/wp-content\/uploads\/2024\/06\/26-m-Bailey7-768x1024.jpeg 768w, https:\/\/tsvbuddyforever.ch\/wp-content\/uploads\/2024\/06\/26-m-Bailey7-225x300.jpeg 225w, https:\/\/tsvbuddyforever.ch\/wp-content\/uploads\/2024\/06\/26-m-Bailey7-1152x1536.jpeg 1152w, https:\/\/tsvbuddyforever.ch\/wp-content\/uploads\/2024\/06\/26-m-Bailey7.jpeg 1500w\" sizes=\"auto, (max-width: 768px) 100vw, 768px\" \/><\/figure>\n<\/figure>\n\n\n<p>Bailey ist ca. 65 cm gross und etwa 11 Jahre alt. Mit seiner stattlichen Erscheinung und seinem treuen Blick ist er ein beeindruckender Senior.<\/p>\n<p>Bailey ist aufgrund seiner Unsicherheit manchmal leicht \u201eaggressiv\u201c. Dieses Verhalten ist jedoch nicht b\u00f6se gemeint, sondern entsteht aus Angst und \u00dcberforderung. Er braucht Menschen mit Erfahrung, Geduld und einem sicheren Auftreten, die seine Signale verstehen und respektieren. In einer ruhigen, stabilen Umgebung kann Bailey lernen, Vertrauen zu fassen und Sicherheit zu gewinnen.<\/p>\n<p>F\u00fcr Bailey w\u00fcnschen wir uns ein verst\u00e4ndnisvolles Zuhause ohne viel Trubel, idealerweise bei hundeerfahrenen Menschen, die ihm die n\u00f6tige Ruhe und F\u00fchrung geben und ihm zeigen, dass er sich nicht mehr f\u00fcrchten muss.<\/p>","protected":false},"excerpt":{"rendered":"<p>Bailey ist ca. 65 cm gross und etwa 11 Jahre alt. Mit seiner stattlichen Erscheinung und seinem treuen Blick ist er ein beeindruckender Senior. Bailey<\/p>\n","protected":false},"author":1,"featured_media":0,"parent":495,"menu_order":21,"comment_status":"closed","ping_status":"closed","template":"","meta":{"footnotes":""},"class_list":["post-862","page","type-page","status-publish","hentry"],"yoast_head":"<!-- This site is optimized with the Yoast SEO plugin v27.4 - https:\/\/yoast.com\/product\/yoast-seo-wordpress\/ -->\n<title>Bailey - TSV Buddy forever<\/title>\n<meta name=\"robots\" content=\"index, follow, max-snippet:-1, max-image-preview:large, max-video-preview:-1\" \/>\n<link rel=\"canonical\" href=\"https:\/\/tsvbuddyforever.ch\/?page_id=862\" \/>\n<meta property=\"og:locale\" content=\"de_DE\" \/>\n<meta property=\"og:type\" content=\"article\" \/>\n<meta property=\"og:title\" content=\"Bailey - TSV Buddy forever\" \/>\n<meta property=\"og:description\" content=\"Bailey ist ca. 65 cm gross und etwa 11 Jahre alt. Mit seiner stattlichen Erscheinung und seinem treuen Blick ist er ein beeindruckender Senior. Bailey\" \/>\n<meta property=\"og:url\" content=\"https:\/\/tsvbuddyforever.ch\/?page_id=862\" \/>\n<meta property=\"og:site_name\" content=\"TSV Buddy forever\" \/>\n<meta property=\"article:modified_time\" content=\"2026-02-16T20:02:29+00:00\" \/>\n<meta property=\"og:image\" content=\"https:\/\/tsvbuddyforever.ch\/wp-content\/uploads\/2024\/06\/26-m-Bailey4.jpeg\" \/>\n\t<meta property=\"og:image:width\" content=\"1500\" \/>\n\t<meta property=\"og:image:height\" content=\"2000\" \/>\n\t<meta property=\"og:image:type\" content=\"image\/jpeg\" \/>\n<meta name=\"twitter:card\" content=\"summary_large_image\" \/>\n<meta name=\"twitter:label1\" content=\"Gesch\u00e4tzte Lesezeit\" \/>\n\t<meta name=\"twitter:data1\" content=\"1\u00a0Minute\" \/>\n<script type=\"application\/ld+json\" class=\"yoast-schema-graph\">{\"@context\":\"https:\\\/\\\/schema.org\",\"@graph\":[{\"@type\":\"WebPage\",\"@id\":\"https:\\\/\\\/tsvbuddyforever.ch\\\/?page_id=862\",\"url\":\"https:\\\/\\\/tsvbuddyforever.ch\\\/?page_id=862\",\"name\":\"Bailey - TSV Buddy forever\",\"isPartOf\":{\"@id\":\"https:\\\/\\\/tsvbuddyforever.ch\\\/#website\"},\"primaryImageOfPage\":{\"@id\":\"https:\\\/\\\/tsvbuddyforever.ch\\\/?page_id=862#primaryimage\"},\"image\":{\"@id\":\"https:\\\/\\\/tsvbuddyforever.ch\\\/?page_id=862#primaryimage\"},\"thumbnailUrl\":\"https:\\\/\\\/tsvbuddyforever.ch\\\/wp-content\\\/uploads\\\/2024\\\/06\\\/26-m-Bailey4-768x1024.jpeg\",\"datePublished\":\"2024-06-27T13:12:28+00:00\",\"dateModified\":\"2026-02-16T20:02:29+00:00\",\"breadcrumb\":{\"@id\":\"https:\\\/\\\/tsvbuddyforever.ch\\\/?page_id=862#breadcrumb\"},\"inLanguage\":\"de\",\"potentialAction\":[{\"@type\":\"ReadAction\",\"target\":[\"https:\\\/\\\/tsvbuddyforever.ch\\\/?page_id=862\"]}]},{\"@type\":\"ImageObject\",\"inLanguage\":\"de\",\"@id\":\"https:\\\/\\\/tsvbuddyforever.ch\\\/?page_id=862#primaryimage\",\"url\":\"https:\\\/\\\/tsvbuddyforever.ch\\\/wp-content\\\/uploads\\\/2024\\\/06\\\/26-m-Bailey4.jpeg\",\"contentUrl\":\"https:\\\/\\\/tsvbuddyforever.ch\\\/wp-content\\\/uploads\\\/2024\\\/06\\\/26-m-Bailey4.jpeg\",\"width\":1500,\"height\":2000,\"caption\":\"Info \\\/ Bailey\"},{\"@type\":\"BreadcrumbList\",\"@id\":\"https:\\\/\\\/tsvbuddyforever.ch\\\/?page_id=862#breadcrumb\",\"itemListElement\":[{\"@type\":\"ListItem\",\"position\":1,\"name\":\"Startseite\",\"item\":\"https:\\\/\\\/tsvbuddyforever.ch\\\/\"},{\"@type\":\"ListItem\",\"position\":2,\"name\":\"Hunde in Rum\u00e4nien\",\"item\":\"https:\\\/\\\/tsvbuddyforever.ch\\\/?page_id=171\"},{\"@type\":\"ListItem\",\"position\":3,\"name\":\"R\u00fcde\",\"item\":\"https:\\\/\\\/tsvbuddyforever.ch\\\/?page_id=495\"},{\"@type\":\"ListItem\",\"position\":4,\"name\":\"Bailey\"}]},{\"@type\":\"WebSite\",\"@id\":\"https:\\\/\\\/tsvbuddyforever.ch\\\/#website\",\"url\":\"https:\\\/\\\/tsvbuddyforever.ch\\\/\",\"name\":\"tsvbuddyforever.ch\",\"description\":\"Tierschutz f\u00fcr Hunde\",\"publisher\":{\"@id\":\"https:\\\/\\\/tsvbuddyforever.ch\\\/#organization\"},\"potentialAction\":[{\"@type\":\"SearchAction\",\"target\":{\"@type\":\"EntryPoint\",\"urlTemplate\":\"https:\\\/\\\/tsvbuddyforever.ch\\\/?s={search_term_string}\"},\"query-input\":{\"@type\":\"PropertyValueSpecification\",\"valueRequired\":true,\"valueName\":\"search_term_string\"}}],\"inLanguage\":\"de\"},{\"@type\":\"Organization\",\"@id\":\"https:\\\/\\\/tsvbuddyforever.ch\\\/#organization\",\"name\":\"tsvbuddyforever.ch\",\"url\":\"https:\\\/\\\/tsvbuddyforever.ch\\\/\",\"logo\":{\"@type\":\"ImageObject\",\"inLanguage\":\"de\",\"@id\":\"https:\\\/\\\/tsvbuddyforever.ch\\\/#\\\/schema\\\/logo\\\/image\\\/\",\"url\":\"https:\\\/\\\/tsvbuddyforever.ch\\\/wp-content\\\/uploads\\\/2024\\\/06\\\/cropped-signal-2024-05-23-042240_v1.jpg\",\"contentUrl\":\"https:\\\/\\\/tsvbuddyforever.ch\\\/wp-content\\\/uploads\\\/2024\\\/06\\\/cropped-signal-2024-05-23-042240_v1.jpg\",\"width\":1997,\"height\":625,\"caption\":\"tsvbuddyforever.ch\"},\"image\":{\"@id\":\"https:\\\/\\\/tsvbuddyforever.ch\\\/#\\\/schema\\\/logo\\\/image\\\/\"}}]}<\/script>\n<!-- \/ Yoast SEO plugin. -->","yoast_head_json":{"title":"Bailey - TSV Buddy forever","robots":{"index":"index","follow":"follow","max-snippet":"max-snippet:-1","max-image-preview":"max-image-preview:large","max-video-preview":"max-video-preview:-1"},"canonical":"https:\/\/tsvbuddyforever.ch\/?page_id=862","og_locale":"de_DE","og_type":"article","og_title":"Bailey - TSV Buddy forever","og_description":"Bailey ist ca. 65 cm gross und etwa 11 Jahre alt. Mit seiner stattlichen Erscheinung und seinem treuen Blick ist er ein beeindruckender Senior. Bailey","og_url":"https:\/\/tsvbuddyforever.ch\/?page_id=862","og_site_name":"TSV Buddy forever","article_modified_time":"2026-02-16T20:02:29+00:00","og_image":[{"width":1500,"height":2000,"url":"https:\/\/tsvbuddyforever.ch\/wp-content\/uploads\/2024\/06\/26-m-Bailey4.jpeg","type":"image\/jpeg"}],"twitter_card":"summary_large_image","twitter_misc":{"Gesch\u00e4tzte Lesezeit":"1\u00a0Minute"},"schema":{"@context":"https:\/\/schema.org","@graph":[{"@type":"WebPage","@id":"https:\/\/tsvbuddyforever.ch\/?page_id=862","url":"https:\/\/tsvbuddyforever.ch\/?page_id=862","name":"Bailey - TSV Buddy forever","isPartOf":{"@id":"https:\/\/tsvbuddyforever.ch\/#website"},"primaryImageOfPage":{"@id":"https:\/\/tsvbuddyforever.ch\/?page_id=862#primaryimage"},"image":{"@id":"https:\/\/tsvbuddyforever.ch\/?page_id=862#primaryimage"},"thumbnailUrl":"https:\/\/tsvbuddyforever.ch\/wp-content\/uploads\/2024\/06\/26-m-Bailey4-768x1024.jpeg","datePublished":"2024-06-27T13:12:28+00:00","dateModified":"2026-02-16T20:02:29+00:00","breadcrumb":{"@id":"https:\/\/tsvbuddyforever.ch\/?page_id=862#breadcrumb"},"inLanguage":"de","potentialAction":[{"@type":"ReadAction","target":["https:\/\/tsvbuddyforever.ch\/?page_id=862"]}]},{"@type":"ImageObject","inLanguage":"de","@id":"https:\/\/tsvbuddyforever.ch\/?page_id=862#primaryimage","url":"https:\/\/tsvbuddyforever.ch\/wp-content\/uploads\/2024\/06\/26-m-Bailey4.jpeg","contentUrl":"https:\/\/tsvbuddyforever.ch\/wp-content\/uploads\/2024\/06\/26-m-Bailey4.jpeg","width":1500,"height":2000,"caption":"Info \/ Bailey"},{"@type":"BreadcrumbList","@id":"https:\/\/tsvbuddyforever.ch\/?page_id=862#breadcrumb","itemListElement":[{"@type":"ListItem","position":1,"name":"Startseite","item":"https:\/\/tsvbuddyforever.ch\/"},{"@type":"ListItem","position":2,"name":"Hunde in Rum\u00e4nien","item":"https:\/\/tsvbuddyforever.ch\/?page_id=171"},{"@type":"ListItem","position":3,"name":"R\u00fcde","item":"https:\/\/tsvbuddyforever.ch\/?page_id=495"},{"@type":"ListItem","position":4,"name":"Bailey"}]},{"@type":"WebSite","@id":"https:\/\/tsvbuddyforever.ch\/#website","url":"https:\/\/tsvbuddyforever.ch\/","name":"tsvbuddyforever.ch","description":"Tierschutz f\u00fcr Hunde","publisher":{"@id":"https:\/\/tsvbuddyforever.ch\/#organization"},"potentialAction":[{"@type":"SearchAction","target":{"@type":"EntryPoint","urlTemplate":"https:\/\/tsvbuddyforever.ch\/?s={search_term_string}"},"query-input":{"@type":"PropertyValueSpecification","valueRequired":true,"valueName":"search_term_string"}}],"inLanguage":"de"},{"@type":"Organization","@id":"https:\/\/tsvbuddyforever.ch\/#organization","name":"tsvbuddyforever.ch","url":"https:\/\/tsvbuddyforever.ch\/","logo":{"@type":"ImageObject","inLanguage":"de","@id":"https:\/\/tsvbuddyforever.ch\/#\/schema\/logo\/image\/","url":"https:\/\/tsvbuddyforever.ch\/wp-content\/uploads\/2024\/06\/cropped-signal-2024-05-23-042240_v1.jpg","contentUrl":"https:\/\/tsvbuddyforever.ch\/wp-content\/uploads\/2024\/06\/cropped-signal-2024-05-23-042240_v1.jpg","width":1997,"height":625,"caption":"tsvbuddyforever.ch"},"image":{"@id":"https:\/\/tsvbuddyforever.ch\/#\/schema\/logo\/image\/"}}]}},"_links":{"self":[{"href":"https:\/\/tsvbuddyforever.ch\/index.php?rest_route=\/wp\/v2\/pages\/862","targetHints":{"allow":["GET"]}}],"collection":[{"href":"https:\/\/tsvbuddyforever.ch\/index.php?rest_route=\/wp\/v2\/pages"}],"about":[{"href":"https:\/\/tsvbuddyforever.ch\/index.php?rest_route=\/wp\/v2\/types\/page"}],"author":[{"embeddable":true,"href":"https:\/\/tsvbuddyforever.ch\/index.php?rest_route=\/wp\/v2\/users\/1"}],"replies":[{"embeddable":true,"href":"https:\/\/tsvbuddyforever.ch\/index.php?rest_route=%2Fwp%2Fv2%2Fcomments&post=862"}],"version-history":[{"count":4,"href":"https:\/\/tsvbuddyforever.ch\/index.php?rest_route=\/wp\/v2\/pages\/862\/revisions"}],"predecessor-version":[{"id":4550,"href":"https:\/\/tsvbuddyforever.ch\/index.php?rest_route=\/wp\/v2\/pages\/862\/revisions\/4550"}],"up":[{"embeddable":true,"href":"https:\/\/tsvbuddyforever.ch\/index.php?rest_route=\/wp\/v2\/pages\/495"}],"wp:attachment":[{"href":"https:\/\/tsvbuddyforever.ch\/index.php?rest_route=%2Fwp%2Fv2%2Fmedia&parent=862"}],"curies":[{"name":"wp","href":"https:\/\/api.w.org\/{rel}","templated":true}]}}