{"id":790,"date":"2024-06-27T14:02:02","date_gmt":"2024-06-27T12:02:02","guid":{"rendered":"https:\/\/tsvbuddyforever.ch\/tsv\/?page_id=790"},"modified":"2026-02-16T20:32:24","modified_gmt":"2026-02-16T19:32:24","slug":"zac","status":"publish","type":"page","link":"https:\/\/tsvbuddyforever.ch\/?page_id=790","title":{"rendered":"Zac"},"content":{"rendered":"\n<figure class=\"wp-block-gallery has-nested-images columns-default is-cropped wp-block-gallery-1 is-layout-flex wp-block-gallery-is-layout-flex\">\n<figure class=\"wp-block-image size-large\"><img loading=\"lazy\" decoding=\"async\" width=\"768\" height=\"1024\" data-id=\"793\" src=\"https:\/\/tsvbuddyforever.ch\/wp-content\/uploads\/2024\/06\/6-Zac-m-5-768x1024.jpeg\" alt=\"\" class=\"wp-image-793\" srcset=\"https:\/\/tsvbuddyforever.ch\/wp-content\/uploads\/2024\/06\/6-Zac-m-5-768x1024.jpeg 768w, https:\/\/tsvbuddyforever.ch\/wp-content\/uploads\/2024\/06\/6-Zac-m-5-225x300.jpeg 225w, https:\/\/tsvbuddyforever.ch\/wp-content\/uploads\/2024\/06\/6-Zac-m-5-1152x1536.jpeg 1152w, https:\/\/tsvbuddyforever.ch\/wp-content\/uploads\/2024\/06\/6-Zac-m-5.jpeg 1500w\" sizes=\"auto, (max-width: 768px) 100vw, 768px\" \/><\/figure>\n\n\n\n<figure class=\"wp-block-image size-large\"><img loading=\"lazy\" decoding=\"async\" width=\"768\" height=\"1024\" data-id=\"792\" src=\"https:\/\/tsvbuddyforever.ch\/wp-content\/uploads\/2024\/06\/6-Zac-m-6-768x1024.jpeg\" alt=\"\" class=\"wp-image-792\" srcset=\"https:\/\/tsvbuddyforever.ch\/wp-content\/uploads\/2024\/06\/6-Zac-m-6-768x1024.jpeg 768w, https:\/\/tsvbuddyforever.ch\/wp-content\/uploads\/2024\/06\/6-Zac-m-6-225x300.jpeg 225w, https:\/\/tsvbuddyforever.ch\/wp-content\/uploads\/2024\/06\/6-Zac-m-6-1152x1536.jpeg 1152w, https:\/\/tsvbuddyforever.ch\/wp-content\/uploads\/2024\/06\/6-Zac-m-6.jpeg 1500w\" sizes=\"auto, (max-width: 768px) 100vw, 768px\" \/><\/figure>\n\n\n\n<figure class=\"wp-block-image size-large\"><img loading=\"lazy\" decoding=\"async\" width=\"768\" height=\"1024\" data-id=\"788\" src=\"https:\/\/tsvbuddyforever.ch\/wp-content\/uploads\/2024\/06\/6-Zac-m-7-768x1024.jpeg\" alt=\"\" class=\"wp-image-788\" srcset=\"https:\/\/tsvbuddyforever.ch\/wp-content\/uploads\/2024\/06\/6-Zac-m-7-768x1024.jpeg 768w, https:\/\/tsvbuddyforever.ch\/wp-content\/uploads\/2024\/06\/6-Zac-m-7-225x300.jpeg 225w, https:\/\/tsvbuddyforever.ch\/wp-content\/uploads\/2024\/06\/6-Zac-m-7-1152x1536.jpeg 1152w, https:\/\/tsvbuddyforever.ch\/wp-content\/uploads\/2024\/06\/6-Zac-m-7.jpeg 1500w\" sizes=\"auto, (max-width: 768px) 100vw, 768px\" \/><\/figure>\n<\/figure>\n\n\n<p>Zac ist ca. 65 cm gross und beeindruckt mit seiner stattlichen Erscheinung. Sein kurzes, dreifarbiges Fell in Braun, Schwarz und helleren Abzeichen verleiht ihm ein ausdrucksstarkes und zugleich sanftes Aussehen. Mit seinen etwa 9 Jahren geh\u00f6rt er zu den \u00e4lteren Hunden und w\u00fcnscht sich ein ruhiges, verst\u00e4ndnisvolles Zuhause.<\/p>\n<p>Zac ist sehr \u00e4ngstlich und braucht Menschen mit viel Geduld, Einf\u00fchlungsverm\u00f6gen und Herz. Neue Situationen verunsichern ihn noch, doch mit Zeit, Ruhe und liebevoller Begleitung kann er lernen, Vertrauen zu fassen. Hat er einmal Sicherheit gewonnen, zeigt er sich als treuer und sensibler Begleiter. F\u00fcr Zac suchen wir ein Zuhause, das ihm Stabilit\u00e4t gibt und ihm hilft, Schritt f\u00fcr Schritt mutiger zu werden und endlich anzukommen.<\/p>","protected":false},"excerpt":{"rendered":"<p>Zac ist ca. 65 cm gross und beeindruckt mit seiner stattlichen Erscheinung. Sein kurzes, dreifarbiges Fell in Braun, Schwarz und helleren Abzeichen verleiht ihm ein<\/p>\n","protected":false},"author":1,"featured_media":0,"parent":495,"menu_order":13,"comment_status":"closed","ping_status":"closed","template":"","meta":{"footnotes":""},"class_list":["post-790","page","type-page","status-publish","hentry"],"yoast_head":"<!-- This site is optimized with the Yoast SEO plugin v27.5 - https:\/\/yoast.com\/product\/yoast-seo-wordpress\/ -->\n<title>Zac - TSV Buddy forever<\/title>\n<meta name=\"robots\" content=\"index, follow, max-snippet:-1, max-image-preview:large, max-video-preview:-1\" \/>\n<link rel=\"canonical\" href=\"https:\/\/tsvbuddyforever.ch\/?page_id=790\" \/>\n<meta property=\"og:locale\" content=\"de_DE\" \/>\n<meta property=\"og:type\" content=\"article\" \/>\n<meta property=\"og:title\" content=\"Zac - TSV Buddy forever\" \/>\n<meta property=\"og:description\" content=\"Zac ist ca. 65 cm gross und beeindruckt mit seiner stattlichen Erscheinung. Sein kurzes, dreifarbiges Fell in Braun, Schwarz und helleren Abzeichen verleiht ihm ein\" \/>\n<meta property=\"og:url\" content=\"https:\/\/tsvbuddyforever.ch\/?page_id=790\" \/>\n<meta property=\"og:site_name\" content=\"TSV Buddy forever\" \/>\n<meta property=\"article:modified_time\" content=\"2026-02-16T19:32:24+00:00\" \/>\n<meta property=\"og:image\" content=\"https:\/\/tsvbuddyforever.ch\/wp-content\/uploads\/2024\/06\/6-Zac-m-5.jpeg\" \/>\n\t<meta property=\"og:image:width\" content=\"1500\" \/>\n\t<meta property=\"og:image:height\" content=\"2000\" \/>\n\t<meta property=\"og:image:type\" content=\"image\/jpeg\" \/>\n<meta name=\"twitter:card\" content=\"summary_large_image\" \/>\n<meta name=\"twitter:label1\" content=\"Gesch\u00e4tzte Lesezeit\" \/>\n\t<meta name=\"twitter:data1\" content=\"2\u00a0Minuten\" \/>\n<script type=\"application\/ld+json\" class=\"yoast-schema-graph\">{\"@context\":\"https:\\\/\\\/schema.org\",\"@graph\":[{\"@type\":\"WebPage\",\"@id\":\"https:\\\/\\\/tsvbuddyforever.ch\\\/?page_id=790\",\"url\":\"https:\\\/\\\/tsvbuddyforever.ch\\\/?page_id=790\",\"name\":\"Zac - TSV Buddy forever\",\"isPartOf\":{\"@id\":\"https:\\\/\\\/tsvbuddyforever.ch\\\/#website\"},\"primaryImageOfPage\":{\"@id\":\"https:\\\/\\\/tsvbuddyforever.ch\\\/?page_id=790#primaryimage\"},\"image\":{\"@id\":\"https:\\\/\\\/tsvbuddyforever.ch\\\/?page_id=790#primaryimage\"},\"thumbnailUrl\":\"https:\\\/\\\/tsvbuddyforever.ch\\\/wp-content\\\/uploads\\\/2024\\\/06\\\/6-Zac-m-5-768x1024.jpeg\",\"datePublished\":\"2024-06-27T12:02:02+00:00\",\"dateModified\":\"2026-02-16T19:32:24+00:00\",\"breadcrumb\":{\"@id\":\"https:\\\/\\\/tsvbuddyforever.ch\\\/?page_id=790#breadcrumb\"},\"inLanguage\":\"de\",\"potentialAction\":[{\"@type\":\"ReadAction\",\"target\":[\"https:\\\/\\\/tsvbuddyforever.ch\\\/?page_id=790\"]}]},{\"@type\":\"ImageObject\",\"inLanguage\":\"de\",\"@id\":\"https:\\\/\\\/tsvbuddyforever.ch\\\/?page_id=790#primaryimage\",\"url\":\"https:\\\/\\\/tsvbuddyforever.ch\\\/wp-content\\\/uploads\\\/2024\\\/06\\\/6-Zac-m-5.jpeg\",\"contentUrl\":\"https:\\\/\\\/tsvbuddyforever.ch\\\/wp-content\\\/uploads\\\/2024\\\/06\\\/6-Zac-m-5.jpeg\",\"width\":1500,\"height\":2000,\"caption\":\"Info \\\/ Zac oldi\"},{\"@type\":\"BreadcrumbList\",\"@id\":\"https:\\\/\\\/tsvbuddyforever.ch\\\/?page_id=790#breadcrumb\",\"itemListElement\":[{\"@type\":\"ListItem\",\"position\":1,\"name\":\"Startseite\",\"item\":\"https:\\\/\\\/tsvbuddyforever.ch\\\/\"},{\"@type\":\"ListItem\",\"position\":2,\"name\":\"Hunde in Rum\u00e4nien\",\"item\":\"https:\\\/\\\/tsvbuddyforever.ch\\\/?page_id=171\"},{\"@type\":\"ListItem\",\"position\":3,\"name\":\"R\u00fcde\",\"item\":\"https:\\\/\\\/tsvbuddyforever.ch\\\/?page_id=495\"},{\"@type\":\"ListItem\",\"position\":4,\"name\":\"Zac\"}]},{\"@type\":\"WebSite\",\"@id\":\"https:\\\/\\\/tsvbuddyforever.ch\\\/#website\",\"url\":\"https:\\\/\\\/tsvbuddyforever.ch\\\/\",\"name\":\"tsvbuddyforever.ch\",\"description\":\"Tierschutz f\u00fcr Hunde\",\"publisher\":{\"@id\":\"https:\\\/\\\/tsvbuddyforever.ch\\\/#organization\"},\"potentialAction\":[{\"@type\":\"SearchAction\",\"target\":{\"@type\":\"EntryPoint\",\"urlTemplate\":\"https:\\\/\\\/tsvbuddyforever.ch\\\/?s={search_term_string}\"},\"query-input\":{\"@type\":\"PropertyValueSpecification\",\"valueRequired\":true,\"valueName\":\"search_term_string\"}}],\"inLanguage\":\"de\"},{\"@type\":\"Organization\",\"@id\":\"https:\\\/\\\/tsvbuddyforever.ch\\\/#organization\",\"name\":\"tsvbuddyforever.ch\",\"url\":\"https:\\\/\\\/tsvbuddyforever.ch\\\/\",\"logo\":{\"@type\":\"ImageObject\",\"inLanguage\":\"de\",\"@id\":\"https:\\\/\\\/tsvbuddyforever.ch\\\/#\\\/schema\\\/logo\\\/image\\\/\",\"url\":\"https:\\\/\\\/tsvbuddyforever.ch\\\/wp-content\\\/uploads\\\/2024\\\/06\\\/cropped-signal-2024-05-23-042240_v1.jpg\",\"contentUrl\":\"https:\\\/\\\/tsvbuddyforever.ch\\\/wp-content\\\/uploads\\\/2024\\\/06\\\/cropped-signal-2024-05-23-042240_v1.jpg\",\"width\":1997,\"height\":625,\"caption\":\"tsvbuddyforever.ch\"},\"image\":{\"@id\":\"https:\\\/\\\/tsvbuddyforever.ch\\\/#\\\/schema\\\/logo\\\/image\\\/\"}}]}<\/script>\n<!-- \/ Yoast SEO plugin. -->","yoast_head_json":{"title":"Zac - TSV Buddy forever","robots":{"index":"index","follow":"follow","max-snippet":"max-snippet:-1","max-image-preview":"max-image-preview:large","max-video-preview":"max-video-preview:-1"},"canonical":"https:\/\/tsvbuddyforever.ch\/?page_id=790","og_locale":"de_DE","og_type":"article","og_title":"Zac - TSV Buddy forever","og_description":"Zac ist ca. 65 cm gross und beeindruckt mit seiner stattlichen Erscheinung. Sein kurzes, dreifarbiges Fell in Braun, Schwarz und helleren Abzeichen verleiht ihm ein","og_url":"https:\/\/tsvbuddyforever.ch\/?page_id=790","og_site_name":"TSV Buddy forever","article_modified_time":"2026-02-16T19:32:24+00:00","og_image":[{"width":1500,"height":2000,"url":"https:\/\/tsvbuddyforever.ch\/wp-content\/uploads\/2024\/06\/6-Zac-m-5.jpeg","type":"image\/jpeg"}],"twitter_card":"summary_large_image","twitter_misc":{"Gesch\u00e4tzte Lesezeit":"2\u00a0Minuten"},"schema":{"@context":"https:\/\/schema.org","@graph":[{"@type":"WebPage","@id":"https:\/\/tsvbuddyforever.ch\/?page_id=790","url":"https:\/\/tsvbuddyforever.ch\/?page_id=790","name":"Zac - TSV Buddy forever","isPartOf":{"@id":"https:\/\/tsvbuddyforever.ch\/#website"},"primaryImageOfPage":{"@id":"https:\/\/tsvbuddyforever.ch\/?page_id=790#primaryimage"},"image":{"@id":"https:\/\/tsvbuddyforever.ch\/?page_id=790#primaryimage"},"thumbnailUrl":"https:\/\/tsvbuddyforever.ch\/wp-content\/uploads\/2024\/06\/6-Zac-m-5-768x1024.jpeg","datePublished":"2024-06-27T12:02:02+00:00","dateModified":"2026-02-16T19:32:24+00:00","breadcrumb":{"@id":"https:\/\/tsvbuddyforever.ch\/?page_id=790#breadcrumb"},"inLanguage":"de","potentialAction":[{"@type":"ReadAction","target":["https:\/\/tsvbuddyforever.ch\/?page_id=790"]}]},{"@type":"ImageObject","inLanguage":"de","@id":"https:\/\/tsvbuddyforever.ch\/?page_id=790#primaryimage","url":"https:\/\/tsvbuddyforever.ch\/wp-content\/uploads\/2024\/06\/6-Zac-m-5.jpeg","contentUrl":"https:\/\/tsvbuddyforever.ch\/wp-content\/uploads\/2024\/06\/6-Zac-m-5.jpeg","width":1500,"height":2000,"caption":"Info \/ Zac oldi"},{"@type":"BreadcrumbList","@id":"https:\/\/tsvbuddyforever.ch\/?page_id=790#breadcrumb","itemListElement":[{"@type":"ListItem","position":1,"name":"Startseite","item":"https:\/\/tsvbuddyforever.ch\/"},{"@type":"ListItem","position":2,"name":"Hunde in Rum\u00e4nien","item":"https:\/\/tsvbuddyforever.ch\/?page_id=171"},{"@type":"ListItem","position":3,"name":"R\u00fcde","item":"https:\/\/tsvbuddyforever.ch\/?page_id=495"},{"@type":"ListItem","position":4,"name":"Zac"}]},{"@type":"WebSite","@id":"https:\/\/tsvbuddyforever.ch\/#website","url":"https:\/\/tsvbuddyforever.ch\/","name":"tsvbuddyforever.ch","description":"Tierschutz f\u00fcr Hunde","publisher":{"@id":"https:\/\/tsvbuddyforever.ch\/#organization"},"potentialAction":[{"@type":"SearchAction","target":{"@type":"EntryPoint","urlTemplate":"https:\/\/tsvbuddyforever.ch\/?s={search_term_string}"},"query-input":{"@type":"PropertyValueSpecification","valueRequired":true,"valueName":"search_term_string"}}],"inLanguage":"de"},{"@type":"Organization","@id":"https:\/\/tsvbuddyforever.ch\/#organization","name":"tsvbuddyforever.ch","url":"https:\/\/tsvbuddyforever.ch\/","logo":{"@type":"ImageObject","inLanguage":"de","@id":"https:\/\/tsvbuddyforever.ch\/#\/schema\/logo\/image\/","url":"https:\/\/tsvbuddyforever.ch\/wp-content\/uploads\/2024\/06\/cropped-signal-2024-05-23-042240_v1.jpg","contentUrl":"https:\/\/tsvbuddyforever.ch\/wp-content\/uploads\/2024\/06\/cropped-signal-2024-05-23-042240_v1.jpg","width":1997,"height":625,"caption":"tsvbuddyforever.ch"},"image":{"@id":"https:\/\/tsvbuddyforever.ch\/#\/schema\/logo\/image\/"}}]}},"_links":{"self":[{"href":"https:\/\/tsvbuddyforever.ch\/index.php?rest_route=\/wp\/v2\/pages\/790","targetHints":{"allow":["GET"]}}],"collection":[{"href":"https:\/\/tsvbuddyforever.ch\/index.php?rest_route=\/wp\/v2\/pages"}],"about":[{"href":"https:\/\/tsvbuddyforever.ch\/index.php?rest_route=\/wp\/v2\/types\/page"}],"author":[{"embeddable":true,"href":"https:\/\/tsvbuddyforever.ch\/index.php?rest_route=\/wp\/v2\/users\/1"}],"replies":[{"embeddable":true,"href":"https:\/\/tsvbuddyforever.ch\/index.php?rest_route=%2Fwp%2Fv2%2Fcomments&post=790"}],"version-history":[{"count":3,"href":"https:\/\/tsvbuddyforever.ch\/index.php?rest_route=\/wp\/v2\/pages\/790\/revisions"}],"predecessor-version":[{"id":4530,"href":"https:\/\/tsvbuddyforever.ch\/index.php?rest_route=\/wp\/v2\/pages\/790\/revisions\/4530"}],"up":[{"embeddable":true,"href":"https:\/\/tsvbuddyforever.ch\/index.php?rest_route=\/wp\/v2\/pages\/495"}],"wp:attachment":[{"href":"https:\/\/tsvbuddyforever.ch\/index.php?rest_route=%2Fwp%2Fv2%2Fmedia&parent=790"}],"curies":[{"name":"wp","href":"https:\/\/api.w.org\/{rel}","templated":true}]}}