{"id":678,"date":"2024-06-26T13:09:39","date_gmt":"2024-06-26T11:09:39","guid":{"rendered":"https:\/\/tsvbuddyforever.ch\/tsv\/?page_id=678"},"modified":"2026-02-16T19:28:35","modified_gmt":"2026-02-16T18:28:35","slug":"faida","status":"publish","type":"page","link":"https:\/\/tsvbuddyforever.ch\/?page_id=678","title":{"rendered":"Faida"},"content":{"rendered":"\n<figure class=\"wp-block-gallery has-nested-images columns-default is-cropped wp-block-gallery-1 is-layout-flex wp-block-gallery-is-layout-flex\">\n<figure class=\"wp-block-image size-large\"><img loading=\"lazy\" decoding=\"async\" width=\"768\" height=\"1024\" data-id=\"3839\" src=\"https:\/\/tsvbuddyforever.ch\/wp-content\/uploads\/2025\/06\/2W-Hund-2-Faida-9-768x1024.jpg\" alt=\"\" class=\"wp-image-3839\" srcset=\"https:\/\/tsvbuddyforever.ch\/wp-content\/uploads\/2025\/06\/2W-Hund-2-Faida-9-768x1024.jpg 768w, https:\/\/tsvbuddyforever.ch\/wp-content\/uploads\/2025\/06\/2W-Hund-2-Faida-9-225x300.jpg 225w, https:\/\/tsvbuddyforever.ch\/wp-content\/uploads\/2025\/06\/2W-Hund-2-Faida-9-1152x1536.jpg 1152w, https:\/\/tsvbuddyforever.ch\/wp-content\/uploads\/2025\/06\/2W-Hund-2-Faida-9.jpg 1500w\" sizes=\"auto, (max-width: 768px) 100vw, 768px\" \/><\/figure>\n\n\n\n<figure class=\"wp-block-image size-full\"><img loading=\"lazy\" decoding=\"async\" width=\"768\" height=\"1024\" data-id=\"3849\" src=\"https:\/\/tsvbuddyforever.ch\/wp-content\/uploads\/2025\/06\/2W-Hund-2-Faida-7-768x1024-1.jpg\" alt=\"\" class=\"wp-image-3849\" srcset=\"https:\/\/tsvbuddyforever.ch\/wp-content\/uploads\/2025\/06\/2W-Hund-2-Faida-7-768x1024-1.jpg 768w, https:\/\/tsvbuddyforever.ch\/wp-content\/uploads\/2025\/06\/2W-Hund-2-Faida-7-768x1024-1-225x300.jpg 225w\" sizes=\"auto, (max-width: 768px) 100vw, 768px\" \/><\/figure>\n<\/figure>\n\n\n<p>Faida \u00a0ist eine sanfte, noch etwas \u00e4ngstlich Hundedame mit grossen Herz.\u00a0<\/p>\n<p>Geboren am 20.05.20213 geh\u00f6rt sie zu den \u00e4lteren Hunde und w\u00fcnscht sich nichts sehnlicher, als endlich anzukommen. Mit ihren etwa 50 cm und ihrem kurzen schwarz- weissen Fell wirkt sie ganz unscheinbar- doch in ihr steckt eine grosses, sensibles Herz.<\/p>\n<p>F\u00fcr ihre letzten Jahre sucht sie einen liebevollen, ruhigen Endplatz mit Menschen, \u00a0die ihr Zeit und Geborgenheit schenken.\u00a0<\/p>","protected":false},"excerpt":{"rendered":"<p>Faida \u00a0ist eine sanfte, noch etwas \u00e4ngstlich Hundedame mit grossen Herz.\u00a0 Geboren am 20.05.20213 geh\u00f6rt sie zu den \u00e4lteren Hunde und w\u00fcnscht sich nichts sehnlicher,<\/p>\n","protected":false},"author":1,"featured_media":0,"parent":498,"menu_order":1,"comment_status":"closed","ping_status":"closed","template":"","meta":{"footnotes":""},"class_list":["post-678","page","type-page","status-publish","hentry"],"yoast_head":"<!-- This site is optimized with the Yoast SEO plugin v27.4 - https:\/\/yoast.com\/product\/yoast-seo-wordpress\/ -->\n<title>Faida - TSV Buddy forever<\/title>\n<meta name=\"robots\" content=\"index, follow, max-snippet:-1, max-image-preview:large, max-video-preview:-1\" \/>\n<link rel=\"canonical\" href=\"https:\/\/tsvbuddyforever.ch\/?page_id=678\" \/>\n<meta property=\"og:locale\" content=\"de_DE\" \/>\n<meta property=\"og:type\" content=\"article\" \/>\n<meta property=\"og:title\" content=\"Faida - TSV Buddy forever\" \/>\n<meta property=\"og:description\" content=\"Faida \u00a0ist eine sanfte, noch etwas \u00e4ngstlich Hundedame mit grossen Herz.\u00a0 Geboren am 20.05.20213 geh\u00f6rt sie zu den \u00e4lteren Hunde und w\u00fcnscht sich nichts sehnlicher,\" \/>\n<meta property=\"og:url\" content=\"https:\/\/tsvbuddyforever.ch\/?page_id=678\" \/>\n<meta property=\"og:site_name\" content=\"TSV Buddy forever\" \/>\n<meta property=\"article:modified_time\" content=\"2026-02-16T18:28:35+00:00\" \/>\n<meta property=\"og:image\" content=\"https:\/\/tsvbuddyforever.ch\/wp-content\/uploads\/2025\/06\/2W-Hund-2-Faida-9.jpg\" \/>\n\t<meta property=\"og:image:width\" content=\"1500\" \/>\n\t<meta property=\"og:image:height\" content=\"2000\" \/>\n\t<meta property=\"og:image:type\" content=\"image\/jpeg\" \/>\n<meta name=\"twitter:card\" content=\"summary_large_image\" \/>\n<meta name=\"twitter:label1\" content=\"Gesch\u00e4tzte Lesezeit\" \/>\n\t<meta name=\"twitter:data1\" content=\"1\u00a0Minute\" \/>\n<script type=\"application\/ld+json\" class=\"yoast-schema-graph\">{\"@context\":\"https:\\\/\\\/schema.org\",\"@graph\":[{\"@type\":\"WebPage\",\"@id\":\"https:\\\/\\\/tsvbuddyforever.ch\\\/?page_id=678\",\"url\":\"https:\\\/\\\/tsvbuddyforever.ch\\\/?page_id=678\",\"name\":\"Faida - TSV Buddy forever\",\"isPartOf\":{\"@id\":\"https:\\\/\\\/tsvbuddyforever.ch\\\/#website\"},\"primaryImageOfPage\":{\"@id\":\"https:\\\/\\\/tsvbuddyforever.ch\\\/?page_id=678#primaryimage\"},\"image\":{\"@id\":\"https:\\\/\\\/tsvbuddyforever.ch\\\/?page_id=678#primaryimage\"},\"thumbnailUrl\":\"https:\\\/\\\/tsvbuddyforever.ch\\\/wp-content\\\/uploads\\\/2025\\\/06\\\/2W-Hund-2-Faida-9-768x1024.jpg\",\"datePublished\":\"2024-06-26T11:09:39+00:00\",\"dateModified\":\"2026-02-16T18:28:35+00:00\",\"breadcrumb\":{\"@id\":\"https:\\\/\\\/tsvbuddyforever.ch\\\/?page_id=678#breadcrumb\"},\"inLanguage\":\"de\",\"potentialAction\":[{\"@type\":\"ReadAction\",\"target\":[\"https:\\\/\\\/tsvbuddyforever.ch\\\/?page_id=678\"]}]},{\"@type\":\"ImageObject\",\"inLanguage\":\"de\",\"@id\":\"https:\\\/\\\/tsvbuddyforever.ch\\\/?page_id=678#primaryimage\",\"url\":\"https:\\\/\\\/tsvbuddyforever.ch\\\/wp-content\\\/uploads\\\/2025\\\/06\\\/2W-Hund-2-Faida-9.jpg\",\"contentUrl\":\"https:\\\/\\\/tsvbuddyforever.ch\\\/wp-content\\\/uploads\\\/2025\\\/06\\\/2W-Hund-2-Faida-9.jpg\",\"width\":1500,\"height\":2000,\"caption\":\"Faida\"},{\"@type\":\"BreadcrumbList\",\"@id\":\"https:\\\/\\\/tsvbuddyforever.ch\\\/?page_id=678#breadcrumb\",\"itemListElement\":[{\"@type\":\"ListItem\",\"position\":1,\"name\":\"Startseite\",\"item\":\"https:\\\/\\\/tsvbuddyforever.ch\\\/\"},{\"@type\":\"ListItem\",\"position\":2,\"name\":\"Hunde in Rum\u00e4nien\",\"item\":\"https:\\\/\\\/tsvbuddyforever.ch\\\/?page_id=171\"},{\"@type\":\"ListItem\",\"position\":3,\"name\":\"Weibchen\",\"item\":\"https:\\\/\\\/tsvbuddyforever.ch\\\/?page_id=498\"},{\"@type\":\"ListItem\",\"position\":4,\"name\":\"Faida\"}]},{\"@type\":\"WebSite\",\"@id\":\"https:\\\/\\\/tsvbuddyforever.ch\\\/#website\",\"url\":\"https:\\\/\\\/tsvbuddyforever.ch\\\/\",\"name\":\"tsvbuddyforever.ch\",\"description\":\"Tierschutz f\u00fcr Hunde\",\"publisher\":{\"@id\":\"https:\\\/\\\/tsvbuddyforever.ch\\\/#organization\"},\"potentialAction\":[{\"@type\":\"SearchAction\",\"target\":{\"@type\":\"EntryPoint\",\"urlTemplate\":\"https:\\\/\\\/tsvbuddyforever.ch\\\/?s={search_term_string}\"},\"query-input\":{\"@type\":\"PropertyValueSpecification\",\"valueRequired\":true,\"valueName\":\"search_term_string\"}}],\"inLanguage\":\"de\"},{\"@type\":\"Organization\",\"@id\":\"https:\\\/\\\/tsvbuddyforever.ch\\\/#organization\",\"name\":\"tsvbuddyforever.ch\",\"url\":\"https:\\\/\\\/tsvbuddyforever.ch\\\/\",\"logo\":{\"@type\":\"ImageObject\",\"inLanguage\":\"de\",\"@id\":\"https:\\\/\\\/tsvbuddyforever.ch\\\/#\\\/schema\\\/logo\\\/image\\\/\",\"url\":\"https:\\\/\\\/tsvbuddyforever.ch\\\/wp-content\\\/uploads\\\/2024\\\/06\\\/cropped-signal-2024-05-23-042240_v1.jpg\",\"contentUrl\":\"https:\\\/\\\/tsvbuddyforever.ch\\\/wp-content\\\/uploads\\\/2024\\\/06\\\/cropped-signal-2024-05-23-042240_v1.jpg\",\"width\":1997,\"height\":625,\"caption\":\"tsvbuddyforever.ch\"},\"image\":{\"@id\":\"https:\\\/\\\/tsvbuddyforever.ch\\\/#\\\/schema\\\/logo\\\/image\\\/\"}}]}<\/script>\n<!-- \/ Yoast SEO plugin. -->","yoast_head_json":{"title":"Faida - TSV Buddy forever","robots":{"index":"index","follow":"follow","max-snippet":"max-snippet:-1","max-image-preview":"max-image-preview:large","max-video-preview":"max-video-preview:-1"},"canonical":"https:\/\/tsvbuddyforever.ch\/?page_id=678","og_locale":"de_DE","og_type":"article","og_title":"Faida - TSV Buddy forever","og_description":"Faida \u00a0ist eine sanfte, noch etwas \u00e4ngstlich Hundedame mit grossen Herz.\u00a0 Geboren am 20.05.20213 geh\u00f6rt sie zu den \u00e4lteren Hunde und w\u00fcnscht sich nichts sehnlicher,","og_url":"https:\/\/tsvbuddyforever.ch\/?page_id=678","og_site_name":"TSV Buddy forever","article_modified_time":"2026-02-16T18:28:35+00:00","og_image":[{"width":1500,"height":2000,"url":"https:\/\/tsvbuddyforever.ch\/wp-content\/uploads\/2025\/06\/2W-Hund-2-Faida-9.jpg","type":"image\/jpeg"}],"twitter_card":"summary_large_image","twitter_misc":{"Gesch\u00e4tzte Lesezeit":"1\u00a0Minute"},"schema":{"@context":"https:\/\/schema.org","@graph":[{"@type":"WebPage","@id":"https:\/\/tsvbuddyforever.ch\/?page_id=678","url":"https:\/\/tsvbuddyforever.ch\/?page_id=678","name":"Faida - TSV Buddy forever","isPartOf":{"@id":"https:\/\/tsvbuddyforever.ch\/#website"},"primaryImageOfPage":{"@id":"https:\/\/tsvbuddyforever.ch\/?page_id=678#primaryimage"},"image":{"@id":"https:\/\/tsvbuddyforever.ch\/?page_id=678#primaryimage"},"thumbnailUrl":"https:\/\/tsvbuddyforever.ch\/wp-content\/uploads\/2025\/06\/2W-Hund-2-Faida-9-768x1024.jpg","datePublished":"2024-06-26T11:09:39+00:00","dateModified":"2026-02-16T18:28:35+00:00","breadcrumb":{"@id":"https:\/\/tsvbuddyforever.ch\/?page_id=678#breadcrumb"},"inLanguage":"de","potentialAction":[{"@type":"ReadAction","target":["https:\/\/tsvbuddyforever.ch\/?page_id=678"]}]},{"@type":"ImageObject","inLanguage":"de","@id":"https:\/\/tsvbuddyforever.ch\/?page_id=678#primaryimage","url":"https:\/\/tsvbuddyforever.ch\/wp-content\/uploads\/2025\/06\/2W-Hund-2-Faida-9.jpg","contentUrl":"https:\/\/tsvbuddyforever.ch\/wp-content\/uploads\/2025\/06\/2W-Hund-2-Faida-9.jpg","width":1500,"height":2000,"caption":"Faida"},{"@type":"BreadcrumbList","@id":"https:\/\/tsvbuddyforever.ch\/?page_id=678#breadcrumb","itemListElement":[{"@type":"ListItem","position":1,"name":"Startseite","item":"https:\/\/tsvbuddyforever.ch\/"},{"@type":"ListItem","position":2,"name":"Hunde in Rum\u00e4nien","item":"https:\/\/tsvbuddyforever.ch\/?page_id=171"},{"@type":"ListItem","position":3,"name":"Weibchen","item":"https:\/\/tsvbuddyforever.ch\/?page_id=498"},{"@type":"ListItem","position":4,"name":"Faida"}]},{"@type":"WebSite","@id":"https:\/\/tsvbuddyforever.ch\/#website","url":"https:\/\/tsvbuddyforever.ch\/","name":"tsvbuddyforever.ch","description":"Tierschutz f\u00fcr Hunde","publisher":{"@id":"https:\/\/tsvbuddyforever.ch\/#organization"},"potentialAction":[{"@type":"SearchAction","target":{"@type":"EntryPoint","urlTemplate":"https:\/\/tsvbuddyforever.ch\/?s={search_term_string}"},"query-input":{"@type":"PropertyValueSpecification","valueRequired":true,"valueName":"search_term_string"}}],"inLanguage":"de"},{"@type":"Organization","@id":"https:\/\/tsvbuddyforever.ch\/#organization","name":"tsvbuddyforever.ch","url":"https:\/\/tsvbuddyforever.ch\/","logo":{"@type":"ImageObject","inLanguage":"de","@id":"https:\/\/tsvbuddyforever.ch\/#\/schema\/logo\/image\/","url":"https:\/\/tsvbuddyforever.ch\/wp-content\/uploads\/2024\/06\/cropped-signal-2024-05-23-042240_v1.jpg","contentUrl":"https:\/\/tsvbuddyforever.ch\/wp-content\/uploads\/2024\/06\/cropped-signal-2024-05-23-042240_v1.jpg","width":1997,"height":625,"caption":"tsvbuddyforever.ch"},"image":{"@id":"https:\/\/tsvbuddyforever.ch\/#\/schema\/logo\/image\/"}}]}},"_links":{"self":[{"href":"https:\/\/tsvbuddyforever.ch\/index.php?rest_route=\/wp\/v2\/pages\/678","targetHints":{"allow":["GET"]}}],"collection":[{"href":"https:\/\/tsvbuddyforever.ch\/index.php?rest_route=\/wp\/v2\/pages"}],"about":[{"href":"https:\/\/tsvbuddyforever.ch\/index.php?rest_route=\/wp\/v2\/types\/page"}],"author":[{"embeddable":true,"href":"https:\/\/tsvbuddyforever.ch\/index.php?rest_route=\/wp\/v2\/users\/1"}],"replies":[{"embeddable":true,"href":"https:\/\/tsvbuddyforever.ch\/index.php?rest_route=%2Fwp%2Fv2%2Fcomments&post=678"}],"version-history":[{"count":5,"href":"https:\/\/tsvbuddyforever.ch\/index.php?rest_route=\/wp\/v2\/pages\/678\/revisions"}],"predecessor-version":[{"id":4507,"href":"https:\/\/tsvbuddyforever.ch\/index.php?rest_route=\/wp\/v2\/pages\/678\/revisions\/4507"}],"up":[{"embeddable":true,"href":"https:\/\/tsvbuddyforever.ch\/index.php?rest_route=\/wp\/v2\/pages\/498"}],"wp:attachment":[{"href":"https:\/\/tsvbuddyforever.ch\/index.php?rest_route=%2Fwp%2Fv2%2Fmedia&parent=678"}],"curies":[{"name":"wp","href":"https:\/\/api.w.org\/{rel}","templated":true}]}}