{"id":607,"date":"2024-06-25T17:28:59","date_gmt":"2024-06-25T15:28:59","guid":{"rendered":"https:\/\/tsvbuddyforever.ch\/tsv\/?page_id=607"},"modified":"2026-02-16T21:05:56","modified_gmt":"2026-02-16T20:05:56","slug":"lucky","status":"publish","type":"page","link":"https:\/\/tsvbuddyforever.ch\/?page_id=607","title":{"rendered":"Lucky"},"content":{"rendered":"\n<figure class=\"wp-block-gallery has-nested-images columns-default is-cropped wp-block-gallery-1 is-layout-flex wp-block-gallery-is-layout-flex\">\n<figure class=\"wp-block-image size-large\"><img loading=\"lazy\" decoding=\"async\" width=\"768\" height=\"1024\" data-id=\"524\" src=\"https:\/\/tsvbuddyforever.ch\/wp-content\/uploads\/2024\/06\/7-m-Lucky-1-768x1024.jpeg\" alt=\"\" class=\"wp-image-524\" srcset=\"https:\/\/tsvbuddyforever.ch\/wp-content\/uploads\/2024\/06\/7-m-Lucky-1-768x1024.jpeg 768w, https:\/\/tsvbuddyforever.ch\/wp-content\/uploads\/2024\/06\/7-m-Lucky-1-225x300.jpeg 225w, https:\/\/tsvbuddyforever.ch\/wp-content\/uploads\/2024\/06\/7-m-Lucky-1-1152x1536.jpeg 1152w, https:\/\/tsvbuddyforever.ch\/wp-content\/uploads\/2024\/06\/7-m-Lucky-1.jpeg 1500w\" sizes=\"auto, (max-width: 768px) 100vw, 768px\" \/><\/figure>\n\n\n\n<figure class=\"wp-block-image size-large\"><img loading=\"lazy\" decoding=\"async\" width=\"768\" height=\"1024\" data-id=\"610\" src=\"https:\/\/tsvbuddyforever.ch\/tsv\/wp-content\/uploads\/2024\/06\/7-m-Lucky-3-768x1024.jpeg\" alt=\"\" class=\"wp-image-610\" srcset=\"https:\/\/tsvbuddyforever.ch\/wp-content\/uploads\/2024\/06\/7-m-Lucky-3-768x1024.jpeg 768w, https:\/\/tsvbuddyforever.ch\/wp-content\/uploads\/2024\/06\/7-m-Lucky-3-225x300.jpeg 225w, https:\/\/tsvbuddyforever.ch\/wp-content\/uploads\/2024\/06\/7-m-Lucky-3-1152x1536.jpeg 1152w, https:\/\/tsvbuddyforever.ch\/wp-content\/uploads\/2024\/06\/7-m-Lucky-3.jpeg 1500w\" sizes=\"auto, (max-width: 768px) 100vw, 768px\" \/><\/figure>\n<\/figure>\n\n\n<p>Lucky wurde am 02. Februar 2018 geboren und misst ca. 60 cm Schulterh\u00f6he. Sein langes, weiches Fell und sein treuer Blick verleihen ihm eine ganz besondere Ausstrahlung.<\/p>\n<p>Lucky ist sehr \u00e4ngstlich und braucht Menschen mit viel Geduld, Ruhe und Einf\u00fchlungsverm\u00f6gen. Neue Situationen und fremde Personen verunsichern ihn noch stark. Trotz seiner Unsicherheit sieht man ihm an, wie sehr er sich nach N\u00e4he und Geborgenheit sehnt. Mit der richtigen Unterst\u00fctzung und in einem sicheren Zuhause kann Lucky Schritt f\u00fcr Schritt Vertrauen fassen und lernen, Ber\u00fchrungen und Zuwendung zu geniessen.<\/p>\n<p>F\u00fcr Lucky w\u00fcnschen wir uns ein ruhiges, verst\u00e4ndnisvolles Zuhause, das ihm Zeit gibt, in seinem eigenen Tempo anzukommen, und ihm die Chance schenkt, endlich Sicherheit und Liebe zu erfahren.<\/p>","protected":false},"excerpt":{"rendered":"<p>Lucky wurde am 02. Februar 2018 geboren und misst ca. 60 cm Schulterh\u00f6he. Sein langes, weiches Fell und sein treuer Blick verleihen ihm eine ganz<\/p>\n","protected":false},"author":1,"featured_media":0,"parent":495,"menu_order":4,"comment_status":"closed","ping_status":"closed","template":"","meta":{"footnotes":""},"class_list":["post-607","page","type-page","status-publish","hentry"],"yoast_head":"<!-- This site is optimized with the Yoast SEO plugin v27.4 - https:\/\/yoast.com\/product\/yoast-seo-wordpress\/ -->\n<title>Lucky - TSV Buddy forever<\/title>\n<meta name=\"robots\" content=\"index, follow, max-snippet:-1, max-image-preview:large, max-video-preview:-1\" \/>\n<link rel=\"canonical\" href=\"https:\/\/tsvbuddyforever.ch\/?page_id=607\" \/>\n<meta property=\"og:locale\" content=\"de_DE\" \/>\n<meta property=\"og:type\" content=\"article\" \/>\n<meta property=\"og:title\" content=\"Lucky - TSV Buddy forever\" \/>\n<meta property=\"og:description\" content=\"Lucky wurde am 02. Februar 2018 geboren und misst ca. 60 cm Schulterh\u00f6he. Sein langes, weiches Fell und sein treuer Blick verleihen ihm eine ganz\" \/>\n<meta property=\"og:url\" content=\"https:\/\/tsvbuddyforever.ch\/?page_id=607\" \/>\n<meta property=\"og:site_name\" content=\"TSV Buddy forever\" \/>\n<meta property=\"article:modified_time\" content=\"2026-02-16T20:05:56+00:00\" \/>\n<meta property=\"og:image\" content=\"https:\/\/tsvbuddyforever.ch\/wp-content\/uploads\/2024\/06\/7-m-Lucky-1.jpeg\" \/>\n\t<meta property=\"og:image:width\" content=\"1500\" \/>\n\t<meta property=\"og:image:height\" content=\"2000\" \/>\n\t<meta property=\"og:image:type\" content=\"image\/jpeg\" \/>\n<meta name=\"twitter:card\" content=\"summary_large_image\" \/>\n<meta name=\"twitter:label1\" content=\"Gesch\u00e4tzte Lesezeit\" \/>\n\t<meta name=\"twitter:data1\" content=\"2\u00a0Minuten\" \/>\n<script type=\"application\/ld+json\" class=\"yoast-schema-graph\">{\"@context\":\"https:\\\/\\\/schema.org\",\"@graph\":[{\"@type\":\"WebPage\",\"@id\":\"https:\\\/\\\/tsvbuddyforever.ch\\\/?page_id=607\",\"url\":\"https:\\\/\\\/tsvbuddyforever.ch\\\/?page_id=607\",\"name\":\"Lucky - TSV Buddy forever\",\"isPartOf\":{\"@id\":\"https:\\\/\\\/tsvbuddyforever.ch\\\/#website\"},\"primaryImageOfPage\":{\"@id\":\"https:\\\/\\\/tsvbuddyforever.ch\\\/?page_id=607#primaryimage\"},\"image\":{\"@id\":\"https:\\\/\\\/tsvbuddyforever.ch\\\/?page_id=607#primaryimage\"},\"thumbnailUrl\":\"https:\\\/\\\/tsvbuddyforever.ch\\\/wp-content\\\/uploads\\\/2024\\\/06\\\/7-m-Lucky-1-768x1024.jpeg\",\"datePublished\":\"2024-06-25T15:28:59+00:00\",\"dateModified\":\"2026-02-16T20:05:56+00:00\",\"breadcrumb\":{\"@id\":\"https:\\\/\\\/tsvbuddyforever.ch\\\/?page_id=607#breadcrumb\"},\"inLanguage\":\"de\",\"potentialAction\":[{\"@type\":\"ReadAction\",\"target\":[\"https:\\\/\\\/tsvbuddyforever.ch\\\/?page_id=607\"]}]},{\"@type\":\"ImageObject\",\"inLanguage\":\"de\",\"@id\":\"https:\\\/\\\/tsvbuddyforever.ch\\\/?page_id=607#primaryimage\",\"url\":\"https:\\\/\\\/tsvbuddyforever.ch\\\/wp-content\\\/uploads\\\/2024\\\/06\\\/7-m-Lucky-1.jpeg\",\"contentUrl\":\"https:\\\/\\\/tsvbuddyforever.ch\\\/wp-content\\\/uploads\\\/2024\\\/06\\\/7-m-Lucky-1.jpeg\",\"width\":1500,\"height\":2000},{\"@type\":\"BreadcrumbList\",\"@id\":\"https:\\\/\\\/tsvbuddyforever.ch\\\/?page_id=607#breadcrumb\",\"itemListElement\":[{\"@type\":\"ListItem\",\"position\":1,\"name\":\"Startseite\",\"item\":\"https:\\\/\\\/tsvbuddyforever.ch\\\/\"},{\"@type\":\"ListItem\",\"position\":2,\"name\":\"Hunde in Rum\u00e4nien\",\"item\":\"https:\\\/\\\/tsvbuddyforever.ch\\\/?page_id=171\"},{\"@type\":\"ListItem\",\"position\":3,\"name\":\"R\u00fcde\",\"item\":\"https:\\\/\\\/tsvbuddyforever.ch\\\/?page_id=495\"},{\"@type\":\"ListItem\",\"position\":4,\"name\":\"Lucky\"}]},{\"@type\":\"WebSite\",\"@id\":\"https:\\\/\\\/tsvbuddyforever.ch\\\/#website\",\"url\":\"https:\\\/\\\/tsvbuddyforever.ch\\\/\",\"name\":\"tsvbuddyforever.ch\",\"description\":\"Tierschutz f\u00fcr Hunde\",\"publisher\":{\"@id\":\"https:\\\/\\\/tsvbuddyforever.ch\\\/#organization\"},\"potentialAction\":[{\"@type\":\"SearchAction\",\"target\":{\"@type\":\"EntryPoint\",\"urlTemplate\":\"https:\\\/\\\/tsvbuddyforever.ch\\\/?s={search_term_string}\"},\"query-input\":{\"@type\":\"PropertyValueSpecification\",\"valueRequired\":true,\"valueName\":\"search_term_string\"}}],\"inLanguage\":\"de\"},{\"@type\":\"Organization\",\"@id\":\"https:\\\/\\\/tsvbuddyforever.ch\\\/#organization\",\"name\":\"tsvbuddyforever.ch\",\"url\":\"https:\\\/\\\/tsvbuddyforever.ch\\\/\",\"logo\":{\"@type\":\"ImageObject\",\"inLanguage\":\"de\",\"@id\":\"https:\\\/\\\/tsvbuddyforever.ch\\\/#\\\/schema\\\/logo\\\/image\\\/\",\"url\":\"https:\\\/\\\/tsvbuddyforever.ch\\\/wp-content\\\/uploads\\\/2024\\\/06\\\/cropped-signal-2024-05-23-042240_v1.jpg\",\"contentUrl\":\"https:\\\/\\\/tsvbuddyforever.ch\\\/wp-content\\\/uploads\\\/2024\\\/06\\\/cropped-signal-2024-05-23-042240_v1.jpg\",\"width\":1997,\"height\":625,\"caption\":\"tsvbuddyforever.ch\"},\"image\":{\"@id\":\"https:\\\/\\\/tsvbuddyforever.ch\\\/#\\\/schema\\\/logo\\\/image\\\/\"}}]}<\/script>\n<!-- \/ Yoast SEO plugin. -->","yoast_head_json":{"title":"Lucky - TSV Buddy forever","robots":{"index":"index","follow":"follow","max-snippet":"max-snippet:-1","max-image-preview":"max-image-preview:large","max-video-preview":"max-video-preview:-1"},"canonical":"https:\/\/tsvbuddyforever.ch\/?page_id=607","og_locale":"de_DE","og_type":"article","og_title":"Lucky - TSV Buddy forever","og_description":"Lucky wurde am 02. Februar 2018 geboren und misst ca. 60 cm Schulterh\u00f6he. Sein langes, weiches Fell und sein treuer Blick verleihen ihm eine ganz","og_url":"https:\/\/tsvbuddyforever.ch\/?page_id=607","og_site_name":"TSV Buddy forever","article_modified_time":"2026-02-16T20:05:56+00:00","og_image":[{"width":1500,"height":2000,"url":"https:\/\/tsvbuddyforever.ch\/wp-content\/uploads\/2024\/06\/7-m-Lucky-1.jpeg","type":"image\/jpeg"}],"twitter_card":"summary_large_image","twitter_misc":{"Gesch\u00e4tzte Lesezeit":"2\u00a0Minuten"},"schema":{"@context":"https:\/\/schema.org","@graph":[{"@type":"WebPage","@id":"https:\/\/tsvbuddyforever.ch\/?page_id=607","url":"https:\/\/tsvbuddyforever.ch\/?page_id=607","name":"Lucky - TSV Buddy forever","isPartOf":{"@id":"https:\/\/tsvbuddyforever.ch\/#website"},"primaryImageOfPage":{"@id":"https:\/\/tsvbuddyforever.ch\/?page_id=607#primaryimage"},"image":{"@id":"https:\/\/tsvbuddyforever.ch\/?page_id=607#primaryimage"},"thumbnailUrl":"https:\/\/tsvbuddyforever.ch\/wp-content\/uploads\/2024\/06\/7-m-Lucky-1-768x1024.jpeg","datePublished":"2024-06-25T15:28:59+00:00","dateModified":"2026-02-16T20:05:56+00:00","breadcrumb":{"@id":"https:\/\/tsvbuddyforever.ch\/?page_id=607#breadcrumb"},"inLanguage":"de","potentialAction":[{"@type":"ReadAction","target":["https:\/\/tsvbuddyforever.ch\/?page_id=607"]}]},{"@type":"ImageObject","inLanguage":"de","@id":"https:\/\/tsvbuddyforever.ch\/?page_id=607#primaryimage","url":"https:\/\/tsvbuddyforever.ch\/wp-content\/uploads\/2024\/06\/7-m-Lucky-1.jpeg","contentUrl":"https:\/\/tsvbuddyforever.ch\/wp-content\/uploads\/2024\/06\/7-m-Lucky-1.jpeg","width":1500,"height":2000},{"@type":"BreadcrumbList","@id":"https:\/\/tsvbuddyforever.ch\/?page_id=607#breadcrumb","itemListElement":[{"@type":"ListItem","position":1,"name":"Startseite","item":"https:\/\/tsvbuddyforever.ch\/"},{"@type":"ListItem","position":2,"name":"Hunde in Rum\u00e4nien","item":"https:\/\/tsvbuddyforever.ch\/?page_id=171"},{"@type":"ListItem","position":3,"name":"R\u00fcde","item":"https:\/\/tsvbuddyforever.ch\/?page_id=495"},{"@type":"ListItem","position":4,"name":"Lucky"}]},{"@type":"WebSite","@id":"https:\/\/tsvbuddyforever.ch\/#website","url":"https:\/\/tsvbuddyforever.ch\/","name":"tsvbuddyforever.ch","description":"Tierschutz f\u00fcr Hunde","publisher":{"@id":"https:\/\/tsvbuddyforever.ch\/#organization"},"potentialAction":[{"@type":"SearchAction","target":{"@type":"EntryPoint","urlTemplate":"https:\/\/tsvbuddyforever.ch\/?s={search_term_string}"},"query-input":{"@type":"PropertyValueSpecification","valueRequired":true,"valueName":"search_term_string"}}],"inLanguage":"de"},{"@type":"Organization","@id":"https:\/\/tsvbuddyforever.ch\/#organization","name":"tsvbuddyforever.ch","url":"https:\/\/tsvbuddyforever.ch\/","logo":{"@type":"ImageObject","inLanguage":"de","@id":"https:\/\/tsvbuddyforever.ch\/#\/schema\/logo\/image\/","url":"https:\/\/tsvbuddyforever.ch\/wp-content\/uploads\/2024\/06\/cropped-signal-2024-05-23-042240_v1.jpg","contentUrl":"https:\/\/tsvbuddyforever.ch\/wp-content\/uploads\/2024\/06\/cropped-signal-2024-05-23-042240_v1.jpg","width":1997,"height":625,"caption":"tsvbuddyforever.ch"},"image":{"@id":"https:\/\/tsvbuddyforever.ch\/#\/schema\/logo\/image\/"}}]}},"_links":{"self":[{"href":"https:\/\/tsvbuddyforever.ch\/index.php?rest_route=\/wp\/v2\/pages\/607","targetHints":{"allow":["GET"]}}],"collection":[{"href":"https:\/\/tsvbuddyforever.ch\/index.php?rest_route=\/wp\/v2\/pages"}],"about":[{"href":"https:\/\/tsvbuddyforever.ch\/index.php?rest_route=\/wp\/v2\/types\/page"}],"author":[{"embeddable":true,"href":"https:\/\/tsvbuddyforever.ch\/index.php?rest_route=\/wp\/v2\/users\/1"}],"replies":[{"embeddable":true,"href":"https:\/\/tsvbuddyforever.ch\/index.php?rest_route=%2Fwp%2Fv2%2Fcomments&post=607"}],"version-history":[{"count":4,"href":"https:\/\/tsvbuddyforever.ch\/index.php?rest_route=\/wp\/v2\/pages\/607\/revisions"}],"predecessor-version":[{"id":4553,"href":"https:\/\/tsvbuddyforever.ch\/index.php?rest_route=\/wp\/v2\/pages\/607\/revisions\/4553"}],"up":[{"embeddable":true,"href":"https:\/\/tsvbuddyforever.ch\/index.php?rest_route=\/wp\/v2\/pages\/495"}],"wp:attachment":[{"href":"https:\/\/tsvbuddyforever.ch\/index.php?rest_route=%2Fwp%2Fv2%2Fmedia&parent=607"}],"curies":[{"name":"wp","href":"https:\/\/api.w.org\/{rel}","templated":true}]}}