{"id":21,"date":"2024-06-19T16:27:38","date_gmt":"2024-06-19T14:27:38","guid":{"rendered":"https:\/\/tsvbuddyforever.ch\/tsv\/?page_id=21"},"modified":"2026-03-20T14:04:28","modified_gmt":"2026-03-20T13:04:28","slug":"manuela-praesidentin","status":"publish","type":"page","link":"https:\/\/tsvbuddyforever.ch\/?page_id=21","title":{"rendered":"Manuela \u2013 Pr\u00e4sidentin"},"content":{"rendered":"<style>.wp-block-kadence-advancedgallery .kb-gallery-type-grid.kb-gallery-id-21_a3ac58-23{margin:-2.5px;}.kb-gallery-type-grid.kb-gallery-id-21_a3ac58-23 .kadence-blocks-gallery-item{padding:2.5px;}.kb-gallery-id-21_a3ac58-23 .kadence-blocks-gallery-item .kb-gal-image-radius, .kb-gallery-id-21_a3ac58-23 .kb-slide-item .kb-gal-image-radius img{border-radius:0px 0px 0px 0px;;}.kb-gallery-id-21_a3ac58-23 .kadence-blocks-gallery-item .kadence-blocks-gallery-item-inner .kadence-blocks-gallery-item__caption{color:#000000;}.kb-gallery-caption-style-cover-hover.kb-gallery-id-21_a3ac58-23 .kadence-blocks-gallery-item .kadence-blocks-gallery-item-inner .kadence-blocks-gallery-item__caption, .kb-gallery-caption-style-below.kb-gallery-id-21_a3ac58-23 .kadence-blocks-gallery-item .kadence-blocks-gallery-item-inner .kadence-blocks-gallery-item__caption{background:#e5e5e5;}<\/style><div class=\"kb-gallery-wrap-id-21_a3ac58-23 alignnone wp-block-kadence-advancedgallery\"><ul class=\"kb-gallery-ul kb-gallery-non-static kb-gallery-type-grid kb-gallery-id-21_a3ac58-23 kb-gallery-caption-style-below kb-gallery-filter-none\" data-image-filter=\"none\" data-item-selector=\".kadence-blocks-gallery-item\" data-lightbox-caption=\"true\" data-columns-xxl=\"3\" data-columns-xl=\"3\" data-columns-md=\"3\" data-columns-sm=\"2\" data-columns-xs=\"1\" data-columns-ss=\"1\"><li class=\"kadence-blocks-gallery-item\"><div class=\"kadence-blocks-gallery-item-inner\"><figure class=\"kb-gallery-figure kb-gallery-item-has-link\"><a href=\"https:\/\/tsvbuddyforever.ch\/wp-content\/uploads\/2024\/06\/signal-2024-05-26-155813_003-551x1024-1.jpeg\" class=\"kb-gallery-item-link\" target=\"_blank\" rel=\"noopener noreferrer\" role=\"button\" aria-haspopup=\"dialog\"><div class=\"kb-gal-image-radius\"><div class=\"kb-gallery-image-contain kadence-blocks-gallery-intrinsic kb-gallery-image-ratio-square kb-has-image-ratio-square\" ><img loading=\"lazy\" decoding=\"async\" src=\"https:\/\/tsvbuddyforever.ch\/wp-content\/uploads\/2024\/06\/signal-2024-05-26-155813_003-551x1024-1.jpeg\" width=\"551\" height=\"1024\" alt=\"\" data-full-image=\"https:\/\/tsvbuddyforever.ch\/wp-content\/uploads\/2024\/06\/signal-2024-05-26-155813_003-551x1024-1.jpeg\" data-light-image=\"https:\/\/tsvbuddyforever.ch\/wp-content\/uploads\/2024\/06\/signal-2024-05-26-155813_003-551x1024-1.jpeg\" data-id=\"22\" class=\"wp-image-22\" srcset=\"https:\/\/tsvbuddyforever.ch\/wp-content\/uploads\/2024\/06\/signal-2024-05-26-155813_003-551x1024-1.jpeg 551w, https:\/\/tsvbuddyforever.ch\/wp-content\/uploads\/2024\/06\/signal-2024-05-26-155813_003-551x1024-1-161x300.jpeg 161w\" sizes=\"auto, (max-width: 551px) 100vw, 551px\" \/><\/div><\/div><\/a><\/figure><\/div><\/li><li class=\"kadence-blocks-gallery-item\"><div class=\"kadence-blocks-gallery-item-inner\"><figure class=\"kb-gallery-figure kb-gallery-item-has-link\"><a href=\"https:\/\/tsvbuddyforever.ch\/wp-content\/uploads\/2024\/06\/signal-2024-05-26-155813_004-1024x768-1.jpeg\" class=\"kb-gallery-item-link\" target=\"_blank\" rel=\"noopener noreferrer\" role=\"button\" aria-haspopup=\"dialog\"><div class=\"kb-gal-image-radius\"><div class=\"kb-gallery-image-contain kadence-blocks-gallery-intrinsic kb-gallery-image-ratio-square kb-has-image-ratio-square\" ><img loading=\"lazy\" decoding=\"async\" src=\"https:\/\/tsvbuddyforever.ch\/wp-content\/uploads\/2024\/06\/signal-2024-05-26-155813_004-1024x768-1.jpeg\" width=\"1024\" height=\"768\" alt=\"\" data-full-image=\"https:\/\/tsvbuddyforever.ch\/wp-content\/uploads\/2024\/06\/signal-2024-05-26-155813_004-1024x768-1.jpeg\" data-light-image=\"https:\/\/tsvbuddyforever.ch\/wp-content\/uploads\/2024\/06\/signal-2024-05-26-155813_004-1024x768-1.jpeg\" data-id=\"17\" class=\"wp-image-17\" srcset=\"https:\/\/tsvbuddyforever.ch\/wp-content\/uploads\/2024\/06\/signal-2024-05-26-155813_004-1024x768-1.jpeg 1024w, https:\/\/tsvbuddyforever.ch\/wp-content\/uploads\/2024\/06\/signal-2024-05-26-155813_004-1024x768-1-300x225.jpeg 300w, https:\/\/tsvbuddyforever.ch\/wp-content\/uploads\/2024\/06\/signal-2024-05-26-155813_004-1024x768-1-768x576.jpeg 768w\" sizes=\"auto, (max-width: 1024px) 100vw, 1024px\" \/><\/div><\/div><\/a><\/figure><\/div><\/li><li class=\"kadence-blocks-gallery-item\"><div class=\"kadence-blocks-gallery-item-inner\"><figure class=\"kb-gallery-figure kb-gallery-item-has-link\"><a href=\"https:\/\/tsvbuddyforever.ch\/wp-content\/uploads\/2024\/06\/signal-2024-05-26-155813_002-1-768x1024-1.jpeg\" class=\"kb-gallery-item-link\" target=\"_blank\" rel=\"noopener noreferrer\" role=\"button\" aria-haspopup=\"dialog\"><div class=\"kb-gal-image-radius\"><div class=\"kb-gallery-image-contain kadence-blocks-gallery-intrinsic kb-gallery-image-ratio-square kb-has-image-ratio-square\" ><img loading=\"lazy\" decoding=\"async\" src=\"https:\/\/tsvbuddyforever.ch\/wp-content\/uploads\/2024\/06\/signal-2024-05-26-155813_002-1-768x1024-1.jpeg\" width=\"768\" height=\"1024\" alt=\"\" data-full-image=\"https:\/\/tsvbuddyforever.ch\/wp-content\/uploads\/2024\/06\/signal-2024-05-26-155813_002-1-768x1024-1.jpeg\" data-light-image=\"https:\/\/tsvbuddyforever.ch\/wp-content\/uploads\/2024\/06\/signal-2024-05-26-155813_002-1-768x1024-1.jpeg\" data-id=\"23\" class=\"wp-image-23\" srcset=\"https:\/\/tsvbuddyforever.ch\/wp-content\/uploads\/2024\/06\/signal-2024-05-26-155813_002-1-768x1024-1.jpeg 768w, https:\/\/tsvbuddyforever.ch\/wp-content\/uploads\/2024\/06\/signal-2024-05-26-155813_002-1-768x1024-1-225x300.jpeg 225w\" sizes=\"auto, (max-width: 768px) 100vw, 768px\" \/><\/div><\/div><\/a><\/figure><\/div><\/li><\/ul><\/div>\n\n\n<div class=\"wp-block-buttons is-content-justification-center is-layout-flex wp-container-core-buttons-is-layout-16018d1d wp-block-buttons-is-layout-flex\">\n<div class=\"wp-block-button\"><a class=\"wp-block-button__link wp-element-button\" href=\"mailto:manuela@tsvbuddyforever.ch\">Kontakt<\/a><\/div>\n<\/div>\n\n\n\n<h2 class=\"wp-block-heading\">Pr\u00e4sidentin \/ Vermittlung \/ Repr\u00e4setant\/ Soziale Medien<\/h2>\n\n\n\n<h3 class=\"wp-block-heading\"><strong>Sie ist unsere Pr\u00e4sidentin und unterst\u00fctzt den Vorstand mit verschiedenen T\u00e4tigkeiten. Manuela \u00fcbernimmt auch Vermittlungen so wie Repr\u00e4sentiert sie den gesamten Verein <\/strong><strong>und bearbeitet die Gesamte Homepage<\/strong><\/h3>\n\n\n\n<p><\/p>\n","protected":false},"excerpt":{"rendered":"<p>Pr\u00e4sidentin \/ Vermittlung \/ Repr\u00e4setant\/ Soziale Medien Sie ist unsere Pr\u00e4sidentin und unterst\u00fctzt den Vorstand mit verschiedenen T\u00e4tigkeiten. Manuela \u00fcbernimmt auch Vermittlungen so wie Repr\u00e4sentiert<\/p>\n","protected":false},"author":1,"featured_media":0,"parent":16,"menu_order":1,"comment_status":"closed","ping_status":"closed","template":"","meta":{"footnotes":""},"class_list":["post-21","page","type-page","status-publish","hentry"],"yoast_head":"<!-- This site is optimized with the Yoast SEO plugin v27.4 - https:\/\/yoast.com\/product\/yoast-seo-wordpress\/ -->\n<title>Manuela \u2013 Pr\u00e4sidentin - TSV Buddy forever<\/title>\n<meta name=\"robots\" content=\"index, follow, max-snippet:-1, max-image-preview:large, max-video-preview:-1\" \/>\n<link rel=\"canonical\" href=\"https:\/\/tsvbuddyforever.ch\/?page_id=21\" \/>\n<meta property=\"og:locale\" content=\"de_DE\" \/>\n<meta property=\"og:type\" content=\"article\" \/>\n<meta property=\"og:title\" content=\"Manuela \u2013 Pr\u00e4sidentin - TSV Buddy forever\" \/>\n<meta property=\"og:description\" content=\"Pr\u00e4sidentin \/ Vermittlung \/ Repr\u00e4setant\/ Soziale Medien Sie ist unsere Pr\u00e4sidentin und unterst\u00fctzt den Vorstand mit verschiedenen T\u00e4tigkeiten. Manuela \u00fcbernimmt auch Vermittlungen so wie Repr\u00e4sentiert\" \/>\n<meta property=\"og:url\" content=\"https:\/\/tsvbuddyforever.ch\/?page_id=21\" \/>\n<meta property=\"og:site_name\" content=\"TSV Buddy forever\" \/>\n<meta property=\"article:modified_time\" content=\"2026-03-20T13:04:28+00:00\" \/>\n<meta name=\"twitter:card\" content=\"summary_large_image\" \/>\n<meta name=\"twitter:label1\" content=\"Gesch\u00e4tzte Lesezeit\" \/>\n\t<meta name=\"twitter:data1\" content=\"1\u00a0Minute\" \/>\n<script type=\"application\/ld+json\" class=\"yoast-schema-graph\">{\"@context\":\"https:\\\/\\\/schema.org\",\"@graph\":[{\"@type\":\"WebPage\",\"@id\":\"https:\\\/\\\/tsvbuddyforever.ch\\\/?page_id=21\",\"url\":\"https:\\\/\\\/tsvbuddyforever.ch\\\/?page_id=21\",\"name\":\"Manuela \u2013 Pr\u00e4sidentin - TSV Buddy forever\",\"isPartOf\":{\"@id\":\"https:\\\/\\\/tsvbuddyforever.ch\\\/#website\"},\"datePublished\":\"2024-06-19T14:27:38+00:00\",\"dateModified\":\"2026-03-20T13:04:28+00:00\",\"breadcrumb\":{\"@id\":\"https:\\\/\\\/tsvbuddyforever.ch\\\/?page_id=21#breadcrumb\"},\"inLanguage\":\"de\",\"potentialAction\":[{\"@type\":\"ReadAction\",\"target\":[\"https:\\\/\\\/tsvbuddyforever.ch\\\/?page_id=21\"]}]},{\"@type\":\"BreadcrumbList\",\"@id\":\"https:\\\/\\\/tsvbuddyforever.ch\\\/?page_id=21#breadcrumb\",\"itemListElement\":[{\"@type\":\"ListItem\",\"position\":1,\"name\":\"Startseite\",\"item\":\"https:\\\/\\\/tsvbuddyforever.ch\\\/\"},{\"@type\":\"ListItem\",\"position\":2,\"name\":\"Team\",\"item\":\"https:\\\/\\\/tsvbuddyforever.ch\\\/?page_id=16\"},{\"@type\":\"ListItem\",\"position\":3,\"name\":\"Manuela \u2013 Pr\u00e4sidentin\"}]},{\"@type\":\"WebSite\",\"@id\":\"https:\\\/\\\/tsvbuddyforever.ch\\\/#website\",\"url\":\"https:\\\/\\\/tsvbuddyforever.ch\\\/\",\"name\":\"tsvbuddyforever.ch\",\"description\":\"Tierschutz f\u00fcr Hunde\",\"publisher\":{\"@id\":\"https:\\\/\\\/tsvbuddyforever.ch\\\/#organization\"},\"potentialAction\":[{\"@type\":\"SearchAction\",\"target\":{\"@type\":\"EntryPoint\",\"urlTemplate\":\"https:\\\/\\\/tsvbuddyforever.ch\\\/?s={search_term_string}\"},\"query-input\":{\"@type\":\"PropertyValueSpecification\",\"valueRequired\":true,\"valueName\":\"search_term_string\"}}],\"inLanguage\":\"de\"},{\"@type\":\"Organization\",\"@id\":\"https:\\\/\\\/tsvbuddyforever.ch\\\/#organization\",\"name\":\"tsvbuddyforever.ch\",\"url\":\"https:\\\/\\\/tsvbuddyforever.ch\\\/\",\"logo\":{\"@type\":\"ImageObject\",\"inLanguage\":\"de\",\"@id\":\"https:\\\/\\\/tsvbuddyforever.ch\\\/#\\\/schema\\\/logo\\\/image\\\/\",\"url\":\"https:\\\/\\\/tsvbuddyforever.ch\\\/wp-content\\\/uploads\\\/2024\\\/06\\\/cropped-signal-2024-05-23-042240_v1.jpg\",\"contentUrl\":\"https:\\\/\\\/tsvbuddyforever.ch\\\/wp-content\\\/uploads\\\/2024\\\/06\\\/cropped-signal-2024-05-23-042240_v1.jpg\",\"width\":1997,\"height\":625,\"caption\":\"tsvbuddyforever.ch\"},\"image\":{\"@id\":\"https:\\\/\\\/tsvbuddyforever.ch\\\/#\\\/schema\\\/logo\\\/image\\\/\"}}]}<\/script>\n<!-- \/ Yoast SEO plugin. -->","yoast_head_json":{"title":"Manuela \u2013 Pr\u00e4sidentin - TSV Buddy forever","robots":{"index":"index","follow":"follow","max-snippet":"max-snippet:-1","max-image-preview":"max-image-preview:large","max-video-preview":"max-video-preview:-1"},"canonical":"https:\/\/tsvbuddyforever.ch\/?page_id=21","og_locale":"de_DE","og_type":"article","og_title":"Manuela \u2013 Pr\u00e4sidentin - TSV Buddy forever","og_description":"Pr\u00e4sidentin \/ Vermittlung \/ Repr\u00e4setant\/ Soziale Medien Sie ist unsere Pr\u00e4sidentin und unterst\u00fctzt den Vorstand mit verschiedenen T\u00e4tigkeiten. Manuela \u00fcbernimmt auch Vermittlungen so wie Repr\u00e4sentiert","og_url":"https:\/\/tsvbuddyforever.ch\/?page_id=21","og_site_name":"TSV Buddy forever","article_modified_time":"2026-03-20T13:04:28+00:00","twitter_card":"summary_large_image","twitter_misc":{"Gesch\u00e4tzte Lesezeit":"1\u00a0Minute"},"schema":{"@context":"https:\/\/schema.org","@graph":[{"@type":"WebPage","@id":"https:\/\/tsvbuddyforever.ch\/?page_id=21","url":"https:\/\/tsvbuddyforever.ch\/?page_id=21","name":"Manuela \u2013 Pr\u00e4sidentin - TSV Buddy forever","isPartOf":{"@id":"https:\/\/tsvbuddyforever.ch\/#website"},"datePublished":"2024-06-19T14:27:38+00:00","dateModified":"2026-03-20T13:04:28+00:00","breadcrumb":{"@id":"https:\/\/tsvbuddyforever.ch\/?page_id=21#breadcrumb"},"inLanguage":"de","potentialAction":[{"@type":"ReadAction","target":["https:\/\/tsvbuddyforever.ch\/?page_id=21"]}]},{"@type":"BreadcrumbList","@id":"https:\/\/tsvbuddyforever.ch\/?page_id=21#breadcrumb","itemListElement":[{"@type":"ListItem","position":1,"name":"Startseite","item":"https:\/\/tsvbuddyforever.ch\/"},{"@type":"ListItem","position":2,"name":"Team","item":"https:\/\/tsvbuddyforever.ch\/?page_id=16"},{"@type":"ListItem","position":3,"name":"Manuela \u2013 Pr\u00e4sidentin"}]},{"@type":"WebSite","@id":"https:\/\/tsvbuddyforever.ch\/#website","url":"https:\/\/tsvbuddyforever.ch\/","name":"tsvbuddyforever.ch","description":"Tierschutz f\u00fcr Hunde","publisher":{"@id":"https:\/\/tsvbuddyforever.ch\/#organization"},"potentialAction":[{"@type":"SearchAction","target":{"@type":"EntryPoint","urlTemplate":"https:\/\/tsvbuddyforever.ch\/?s={search_term_string}"},"query-input":{"@type":"PropertyValueSpecification","valueRequired":true,"valueName":"search_term_string"}}],"inLanguage":"de"},{"@type":"Organization","@id":"https:\/\/tsvbuddyforever.ch\/#organization","name":"tsvbuddyforever.ch","url":"https:\/\/tsvbuddyforever.ch\/","logo":{"@type":"ImageObject","inLanguage":"de","@id":"https:\/\/tsvbuddyforever.ch\/#\/schema\/logo\/image\/","url":"https:\/\/tsvbuddyforever.ch\/wp-content\/uploads\/2024\/06\/cropped-signal-2024-05-23-042240_v1.jpg","contentUrl":"https:\/\/tsvbuddyforever.ch\/wp-content\/uploads\/2024\/06\/cropped-signal-2024-05-23-042240_v1.jpg","width":1997,"height":625,"caption":"tsvbuddyforever.ch"},"image":{"@id":"https:\/\/tsvbuddyforever.ch\/#\/schema\/logo\/image\/"}}]}},"_links":{"self":[{"href":"https:\/\/tsvbuddyforever.ch\/index.php?rest_route=\/wp\/v2\/pages\/21","targetHints":{"allow":["GET"]}}],"collection":[{"href":"https:\/\/tsvbuddyforever.ch\/index.php?rest_route=\/wp\/v2\/pages"}],"about":[{"href":"https:\/\/tsvbuddyforever.ch\/index.php?rest_route=\/wp\/v2\/types\/page"}],"author":[{"embeddable":true,"href":"https:\/\/tsvbuddyforever.ch\/index.php?rest_route=\/wp\/v2\/users\/1"}],"replies":[{"embeddable":true,"href":"https:\/\/tsvbuddyforever.ch\/index.php?rest_route=%2Fwp%2Fv2%2Fcomments&post=21"}],"version-history":[{"count":10,"href":"https:\/\/tsvbuddyforever.ch\/index.php?rest_route=\/wp\/v2\/pages\/21\/revisions"}],"predecessor-version":[{"id":4754,"href":"https:\/\/tsvbuddyforever.ch\/index.php?rest_route=\/wp\/v2\/pages\/21\/revisions\/4754"}],"up":[{"embeddable":true,"href":"https:\/\/tsvbuddyforever.ch\/index.php?rest_route=\/wp\/v2\/pages\/16"}],"wp:attachment":[{"href":"https:\/\/tsvbuddyforever.ch\/index.php?rest_route=%2Fwp%2Fv2%2Fmedia&parent=21"}],"curies":[{"name":"wp","href":"https:\/\/api.w.org\/{rel}","templated":true}]}}