{"id":2,"date":"2024-06-19T15:35:24","date_gmt":"2024-06-19T15:35:24","guid":{"rendered":"http:\/\/tsvbuddyforever.ch\/tsv\/?page_id=2"},"modified":"2026-02-21T20:28:44","modified_gmt":"2026-02-21T19:28:44","slug":"sample-page","status":"publish","type":"page","link":"https:\/\/tsvbuddyforever.ch\/","title":{"rendered":"Startseite"},"content":{"rendered":"\n<div class=\"wp-block-group\"><div class=\"wp-block-group__inner-container is-layout-constrained wp-block-group-is-layout-constrained\"><div class=\"wp-block-image\">\n<figure class=\"aligncenter size-full is-resized\"><img loading=\"lazy\" decoding=\"async\" width=\"612\" height=\"612\" src=\"https:\/\/tsvbuddyforever.ch\/wp-content\/uploads\/2025\/06\/DogLove37.jpg\" alt=\"\" class=\"wp-image-3788\" style=\"width:404px;height:auto\" srcset=\"https:\/\/tsvbuddyforever.ch\/wp-content\/uploads\/2025\/06\/DogLove37.jpg 612w, https:\/\/tsvbuddyforever.ch\/wp-content\/uploads\/2025\/06\/DogLove37-300x300.jpg 300w, https:\/\/tsvbuddyforever.ch\/wp-content\/uploads\/2025\/06\/DogLove37-150x150.jpg 150w\" sizes=\"auto, (max-width: 612px) 100vw, 612px\" \/><\/figure>\n<\/div><\/div><\/div>\n\n\n\n<p class=\"has-text-align-center has-medium-font-size\">Unser Tierschutzverein TSV Buddy forever wurde Ende August 2022 in der Schweiz gegr\u00fcndet.<br>Wir helfen Hunden, die leider vernachl\u00e4ssigt, misshandelt oder gequ\u00e4lt wurden.<br>Die Vierbeiner werden von der Stra\u00dfeoder aus einer T\u00f6tungsstation gerettet, <br>damit sie ein sch\u00f6nes, gl\u00fcckliches Leben f\u00fchren k\u00f6nnen.<br>Wir k\u00fcmmern uns selbstverst\u00e4ndlich auch um die tier\u00e4rztliche Versorgungen<br>und Kastrationen.<\/p>\n\n\n\n<p class=\"has-text-align-center has-medium-font-size\"><strong>Wir alle setzen uns ehrenamtlich f\u00fcr die Hunde ein,<\/strong><br><strong> und sind sehr stolz darauf.<\/strong><\/p>\n\n\n\n<p class=\"has-text-align-center has-medium-font-size\">Mit Herz und Seele setzen wir uns daf\u00fcr ein, Hunde aus Rum\u00e4nien zu retten und sie legal, mit Papieren, in die Schweiz zu \u00fcberf\u00fchren. Dort k\u00f6nnen sie ihr Leben bei liebevollen Adoptanten in einem sch\u00f6nen Zuhause verbringen.<br>Wir haben festgestellt, dass diese Hunde wunderbare, treue Freunde sein k\u00f6nnen, die immer zu Ihnen halten, wenn Sie sie brauchen.<br> Diese Hunde sind so dankbar und zeigen das auch ganz deutlich.<br>Wir sind uns sicher, dass wenn Sie sich mit Liebe und F\u00fcrsorge um sie k\u00fcmmern werden, sie Ihnen viel Freude bereiten werden.<\/p>\n\n\n\n<p class=\"has-text-align-center has-medium-font-size\">Wir fahren mehrmals im Jahr nach Rum\u00e4nien und besuchen alle Hunde pers\u00f6nlich.<br>Unser Pfleger in Rum\u00e4nien k\u00fcmmert sich liebevoll um sch\u00fcchterne und \u00e4ngstliche Hunde.<\/p>\n\n\n\n<p><\/p>\n","protected":false},"excerpt":{"rendered":"<p>Unser Tierschutzverein TSV Buddy forever wurde Ende August 2022 in der Schweiz gegr\u00fcndet.Wir helfen Hunden, die leider vernachl\u00e4ssigt, misshandelt oder gequ\u00e4lt wurden.Die Vierbeiner werden von<\/p>\n","protected":false},"author":1,"featured_media":0,"parent":0,"menu_order":0,"comment_status":"closed","ping_status":"open","template":"","meta":{"footnotes":""},"class_list":["post-2","page","type-page","status-publish","hentry"],"yoast_head":"<!-- This site is optimized with the Yoast SEO plugin v27.4 - https:\/\/yoast.com\/product\/yoast-seo-wordpress\/ -->\n<title>Startseite - TSV Buddy forever<\/title>\n<meta name=\"robots\" content=\"index, follow, max-snippet:-1, max-image-preview:large, max-video-preview:-1\" \/>\n<link rel=\"canonical\" href=\"https:\/\/tsvbuddyforever.ch\/\" \/>\n<meta property=\"og:locale\" content=\"de_DE\" \/>\n<meta property=\"og:type\" content=\"article\" \/>\n<meta property=\"og:title\" content=\"Startseite - TSV Buddy forever\" \/>\n<meta property=\"og:description\" content=\"Unser Tierschutzverein TSV Buddy forever wurde Ende August 2022 in der Schweiz gegr\u00fcndet.Wir helfen Hunden, die leider vernachl\u00e4ssigt, misshandelt oder gequ\u00e4lt wurden.Die Vierbeiner werden von\" \/>\n<meta property=\"og:url\" content=\"https:\/\/tsvbuddyforever.ch\/\" \/>\n<meta property=\"og:site_name\" content=\"TSV Buddy forever\" \/>\n<meta property=\"article:modified_time\" content=\"2026-02-21T19:28:44+00:00\" \/>\n<meta property=\"og:image\" content=\"https:\/\/tsvbuddyforever.ch\/wp-content\/uploads\/2025\/06\/DogLove37.jpg\" \/>\n\t<meta property=\"og:image:width\" content=\"612\" \/>\n\t<meta property=\"og:image:height\" content=\"612\" \/>\n\t<meta property=\"og:image:type\" content=\"image\/jpeg\" \/>\n<meta name=\"twitter:card\" content=\"summary_large_image\" \/>\n<script type=\"application\/ld+json\" class=\"yoast-schema-graph\">{\"@context\":\"https:\\\/\\\/schema.org\",\"@graph\":[{\"@type\":\"WebPage\",\"@id\":\"https:\\\/\\\/tsvbuddyforever.ch\\\/\",\"url\":\"https:\\\/\\\/tsvbuddyforever.ch\\\/\",\"name\":\"Startseite - TSV Buddy forever\",\"isPartOf\":{\"@id\":\"https:\\\/\\\/tsvbuddyforever.ch\\\/#website\"},\"primaryImageOfPage\":{\"@id\":\"https:\\\/\\\/tsvbuddyforever.ch\\\/#primaryimage\"},\"image\":{\"@id\":\"https:\\\/\\\/tsvbuddyforever.ch\\\/#primaryimage\"},\"thumbnailUrl\":\"https:\\\/\\\/tsvbuddyforever.ch\\\/wp-content\\\/uploads\\\/2025\\\/06\\\/DogLove37.jpg\",\"datePublished\":\"2024-06-19T15:35:24+00:00\",\"dateModified\":\"2026-02-21T19:28:44+00:00\",\"breadcrumb\":{\"@id\":\"https:\\\/\\\/tsvbuddyforever.ch\\\/#breadcrumb\"},\"inLanguage\":\"de\",\"potentialAction\":[{\"@type\":\"ReadAction\",\"target\":[\"https:\\\/\\\/tsvbuddyforever.ch\\\/\"]}]},{\"@type\":\"ImageObject\",\"inLanguage\":\"de\",\"@id\":\"https:\\\/\\\/tsvbuddyforever.ch\\\/#primaryimage\",\"url\":\"https:\\\/\\\/tsvbuddyforever.ch\\\/wp-content\\\/uploads\\\/2025\\\/06\\\/DogLove37.jpg\",\"contentUrl\":\"https:\\\/\\\/tsvbuddyforever.ch\\\/wp-content\\\/uploads\\\/2025\\\/06\\\/DogLove37.jpg\",\"width\":612,\"height\":612,\"caption\":\"Tamara Aktuar\"},{\"@type\":\"BreadcrumbList\",\"@id\":\"https:\\\/\\\/tsvbuddyforever.ch\\\/#breadcrumb\",\"itemListElement\":[{\"@type\":\"ListItem\",\"position\":1,\"name\":\"Startseite\",\"item\":\"https:\\\/\\\/tsvbuddyforever.ch\\\/\"},{\"@type\":\"ListItem\",\"position\":2,\"name\":\"Startseite\"}]},{\"@type\":\"WebSite\",\"@id\":\"https:\\\/\\\/tsvbuddyforever.ch\\\/#website\",\"url\":\"https:\\\/\\\/tsvbuddyforever.ch\\\/\",\"name\":\"tsvbuddyforever.ch\",\"description\":\"Tierschutz f\u00fcr Hunde\",\"publisher\":{\"@id\":\"https:\\\/\\\/tsvbuddyforever.ch\\\/#organization\"},\"potentialAction\":[{\"@type\":\"SearchAction\",\"target\":{\"@type\":\"EntryPoint\",\"urlTemplate\":\"https:\\\/\\\/tsvbuddyforever.ch\\\/?s={search_term_string}\"},\"query-input\":{\"@type\":\"PropertyValueSpecification\",\"valueRequired\":true,\"valueName\":\"search_term_string\"}}],\"inLanguage\":\"de\"},{\"@type\":\"Organization\",\"@id\":\"https:\\\/\\\/tsvbuddyforever.ch\\\/#organization\",\"name\":\"tsvbuddyforever.ch\",\"url\":\"https:\\\/\\\/tsvbuddyforever.ch\\\/\",\"logo\":{\"@type\":\"ImageObject\",\"inLanguage\":\"de\",\"@id\":\"https:\\\/\\\/tsvbuddyforever.ch\\\/#\\\/schema\\\/logo\\\/image\\\/\",\"url\":\"https:\\\/\\\/tsvbuddyforever.ch\\\/wp-content\\\/uploads\\\/2024\\\/06\\\/cropped-signal-2024-05-23-042240_v1.jpg\",\"contentUrl\":\"https:\\\/\\\/tsvbuddyforever.ch\\\/wp-content\\\/uploads\\\/2024\\\/06\\\/cropped-signal-2024-05-23-042240_v1.jpg\",\"width\":1997,\"height\":625,\"caption\":\"tsvbuddyforever.ch\"},\"image\":{\"@id\":\"https:\\\/\\\/tsvbuddyforever.ch\\\/#\\\/schema\\\/logo\\\/image\\\/\"}}]}<\/script>\n<!-- \/ Yoast SEO plugin. -->","yoast_head_json":{"title":"Startseite - TSV Buddy forever","robots":{"index":"index","follow":"follow","max-snippet":"max-snippet:-1","max-image-preview":"max-image-preview:large","max-video-preview":"max-video-preview:-1"},"canonical":"https:\/\/tsvbuddyforever.ch\/","og_locale":"de_DE","og_type":"article","og_title":"Startseite - TSV Buddy forever","og_description":"Unser Tierschutzverein TSV Buddy forever wurde Ende August 2022 in der Schweiz gegr\u00fcndet.Wir helfen Hunden, die leider vernachl\u00e4ssigt, misshandelt oder gequ\u00e4lt wurden.Die Vierbeiner werden von","og_url":"https:\/\/tsvbuddyforever.ch\/","og_site_name":"TSV Buddy forever","article_modified_time":"2026-02-21T19:28:44+00:00","og_image":[{"width":612,"height":612,"url":"https:\/\/tsvbuddyforever.ch\/wp-content\/uploads\/2025\/06\/DogLove37.jpg","type":"image\/jpeg"}],"twitter_card":"summary_large_image","schema":{"@context":"https:\/\/schema.org","@graph":[{"@type":"WebPage","@id":"https:\/\/tsvbuddyforever.ch\/","url":"https:\/\/tsvbuddyforever.ch\/","name":"Startseite - TSV Buddy forever","isPartOf":{"@id":"https:\/\/tsvbuddyforever.ch\/#website"},"primaryImageOfPage":{"@id":"https:\/\/tsvbuddyforever.ch\/#primaryimage"},"image":{"@id":"https:\/\/tsvbuddyforever.ch\/#primaryimage"},"thumbnailUrl":"https:\/\/tsvbuddyforever.ch\/wp-content\/uploads\/2025\/06\/DogLove37.jpg","datePublished":"2024-06-19T15:35:24+00:00","dateModified":"2026-02-21T19:28:44+00:00","breadcrumb":{"@id":"https:\/\/tsvbuddyforever.ch\/#breadcrumb"},"inLanguage":"de","potentialAction":[{"@type":"ReadAction","target":["https:\/\/tsvbuddyforever.ch\/"]}]},{"@type":"ImageObject","inLanguage":"de","@id":"https:\/\/tsvbuddyforever.ch\/#primaryimage","url":"https:\/\/tsvbuddyforever.ch\/wp-content\/uploads\/2025\/06\/DogLove37.jpg","contentUrl":"https:\/\/tsvbuddyforever.ch\/wp-content\/uploads\/2025\/06\/DogLove37.jpg","width":612,"height":612,"caption":"Tamara Aktuar"},{"@type":"BreadcrumbList","@id":"https:\/\/tsvbuddyforever.ch\/#breadcrumb","itemListElement":[{"@type":"ListItem","position":1,"name":"Startseite","item":"https:\/\/tsvbuddyforever.ch\/"},{"@type":"ListItem","position":2,"name":"Startseite"}]},{"@type":"WebSite","@id":"https:\/\/tsvbuddyforever.ch\/#website","url":"https:\/\/tsvbuddyforever.ch\/","name":"tsvbuddyforever.ch","description":"Tierschutz f\u00fcr Hunde","publisher":{"@id":"https:\/\/tsvbuddyforever.ch\/#organization"},"potentialAction":[{"@type":"SearchAction","target":{"@type":"EntryPoint","urlTemplate":"https:\/\/tsvbuddyforever.ch\/?s={search_term_string}"},"query-input":{"@type":"PropertyValueSpecification","valueRequired":true,"valueName":"search_term_string"}}],"inLanguage":"de"},{"@type":"Organization","@id":"https:\/\/tsvbuddyforever.ch\/#organization","name":"tsvbuddyforever.ch","url":"https:\/\/tsvbuddyforever.ch\/","logo":{"@type":"ImageObject","inLanguage":"de","@id":"https:\/\/tsvbuddyforever.ch\/#\/schema\/logo\/image\/","url":"https:\/\/tsvbuddyforever.ch\/wp-content\/uploads\/2024\/06\/cropped-signal-2024-05-23-042240_v1.jpg","contentUrl":"https:\/\/tsvbuddyforever.ch\/wp-content\/uploads\/2024\/06\/cropped-signal-2024-05-23-042240_v1.jpg","width":1997,"height":625,"caption":"tsvbuddyforever.ch"},"image":{"@id":"https:\/\/tsvbuddyforever.ch\/#\/schema\/logo\/image\/"}}]}},"_links":{"self":[{"href":"https:\/\/tsvbuddyforever.ch\/index.php?rest_route=\/wp\/v2\/pages\/2","targetHints":{"allow":["GET"]}}],"collection":[{"href":"https:\/\/tsvbuddyforever.ch\/index.php?rest_route=\/wp\/v2\/pages"}],"about":[{"href":"https:\/\/tsvbuddyforever.ch\/index.php?rest_route=\/wp\/v2\/types\/page"}],"author":[{"embeddable":true,"href":"https:\/\/tsvbuddyforever.ch\/index.php?rest_route=\/wp\/v2\/users\/1"}],"replies":[{"embeddable":true,"href":"https:\/\/tsvbuddyforever.ch\/index.php?rest_route=%2Fwp%2Fv2%2Fcomments&post=2"}],"version-history":[{"count":10,"href":"https:\/\/tsvbuddyforever.ch\/index.php?rest_route=\/wp\/v2\/pages\/2\/revisions"}],"predecessor-version":[{"id":3998,"href":"https:\/\/tsvbuddyforever.ch\/index.php?rest_route=\/wp\/v2\/pages\/2\/revisions\/3998"}],"wp:attachment":[{"href":"https:\/\/tsvbuddyforever.ch\/index.php?rest_route=%2Fwp%2Fv2%2Fmedia&parent=2"}],"curies":[{"name":"wp","href":"https:\/\/api.w.org\/{rel}","templated":true}]}}