{"id":1364,"date":"2024-07-04T13:34:12","date_gmt":"2024-07-04T11:34:12","guid":{"rendered":"https:\/\/tsvbuddyforever.ch\/tsv\/?page_id=1364"},"modified":"2026-02-16T20:03:41","modified_gmt":"2026-02-16T19:03:41","slug":"kimi","status":"publish","type":"page","link":"https:\/\/tsvbuddyforever.ch\/?page_id=1364","title":{"rendered":"Kimi"},"content":{"rendered":"<style>.wp-block-kadence-advancedgallery .kb-gallery-type-masonry.kb-gallery-id-1364_ecf711-85{margin:-5px;}.kb-gallery-type-masonry.kb-gallery-id-1364_ecf711-85 .kadence-blocks-gallery-item{padding:5px;}.kb-gallery-id-1364_ecf711-85 .kadence-blocks-gallery-item .kb-gal-image-radius, .kb-gallery-id-1364_ecf711-85 .kb-slide-item .kb-gal-image-radius img{border-radius:0px 0px 0px 0px;;}<\/style><div class=\"kb-gallery-wrap-id-1364_ecf711-85 alignnone wp-block-kadence-advancedgallery\"><ul class=\"kb-gallery-ul kb-gallery-non-static kb-gallery-type-masonry kb-masonry-init kb-gallery-id-1364_ecf711-85 kb-gallery-caption-style-bottom-hover kb-gallery-filter-none\" data-image-filter=\"none\" data-item-selector=\".kadence-blocks-gallery-item\" data-lightbox-caption=\"true\" data-columns-xxl=\"3\" data-columns-xl=\"3\" data-columns-md=\"3\" data-columns-sm=\"2\" data-columns-xs=\"1\" data-columns-ss=\"1\"><li class=\"kadence-blocks-gallery-item\" tabindex=\"0\"><div class=\"kadence-blocks-gallery-item-inner\"><figure class=\"kb-gallery-figure kadence-blocks-gallery-item-hide-caption\"><div class=\"kb-gal-image-radius\" style=\"max-width:750px;\"><div class=\"kb-gallery-image-contain kadence-blocks-gallery-intrinsic\" style=\"padding-bottom:133%;\"><img loading=\"lazy\" decoding=\"async\" src=\"https:\/\/tsvbuddyforever.ch\/wp-content\/uploads\/2025\/01\/44-kimi-w-3-768x1024.jpeg\" width=\"750\" height=\"1000\" alt=\"\" data-full-image=\"https:\/\/tsvbuddyforever.ch\/wp-content\/uploads\/2025\/01\/44-kimi-w-3.jpeg\" data-light-image=\"https:\/\/tsvbuddyforever.ch\/wp-content\/uploads\/2025\/01\/44-kimi-w-3.jpeg\" data-id=\"3029\" class=\"wp-image-3029\" srcset=\"https:\/\/tsvbuddyforever.ch\/wp-content\/uploads\/2025\/01\/44-kimi-w-3-768x1024.jpeg 768w, https:\/\/tsvbuddyforever.ch\/wp-content\/uploads\/2025\/01\/44-kimi-w-3-225x300.jpeg 225w, https:\/\/tsvbuddyforever.ch\/wp-content\/uploads\/2025\/01\/44-kimi-w-3-1152x1536.jpeg 1152w, https:\/\/tsvbuddyforever.ch\/wp-content\/uploads\/2025\/01\/44-kimi-w-3.jpeg 1500w\" sizes=\"auto, (max-width: 750px) 100vw, 750px\" \/><\/div><\/div><\/figure><\/div><\/li><li class=\"kadence-blocks-gallery-item\" tabindex=\"0\"><div class=\"kadence-blocks-gallery-item-inner\"><figure class=\"kb-gallery-figure kadence-blocks-gallery-item-hide-caption\"><div class=\"kb-gal-image-radius\" style=\"max-width:750px;\"><div class=\"kb-gallery-image-contain kadence-blocks-gallery-intrinsic\" style=\"padding-bottom:133%;\"><img loading=\"lazy\" decoding=\"async\" src=\"https:\/\/tsvbuddyforever.ch\/wp-content\/uploads\/2024\/07\/44-kimi-w-2-768x1024.jpeg\" width=\"750\" height=\"1000\" alt=\"\" data-full-image=\"https:\/\/tsvbuddyforever.ch\/wp-content\/uploads\/2024\/07\/44-kimi-w-2.jpeg\" data-light-image=\"https:\/\/tsvbuddyforever.ch\/wp-content\/uploads\/2024\/07\/44-kimi-w-2.jpeg\" data-id=\"1365\" class=\"wp-image-1365\" srcset=\"https:\/\/tsvbuddyforever.ch\/wp-content\/uploads\/2024\/07\/44-kimi-w-2-768x1024.jpeg 768w, https:\/\/tsvbuddyforever.ch\/wp-content\/uploads\/2024\/07\/44-kimi-w-2-225x300.jpeg 225w, https:\/\/tsvbuddyforever.ch\/wp-content\/uploads\/2024\/07\/44-kimi-w-2-1152x1536.jpeg 1152w, https:\/\/tsvbuddyforever.ch\/wp-content\/uploads\/2024\/07\/44-kimi-w-2.jpeg 1500w\" sizes=\"auto, (max-width: 750px) 100vw, 750px\" \/><\/div><\/div><\/figure><\/div><\/li><li class=\"kadence-blocks-gallery-item\" tabindex=\"0\"><div class=\"kadence-blocks-gallery-item-inner\"><figure class=\"kb-gallery-figure kadence-blocks-gallery-item-hide-caption\"><div class=\"kb-gal-image-radius\" style=\"max-width:750px;\"><div class=\"kb-gallery-image-contain kadence-blocks-gallery-intrinsic\" style=\"padding-bottom:133%;\"><img loading=\"lazy\" decoding=\"async\" src=\"https:\/\/tsvbuddyforever.ch\/wp-content\/uploads\/2024\/07\/44-kimi-w-1-768x1024.jpeg\" width=\"750\" height=\"1000\" alt=\"\" data-full-image=\"https:\/\/tsvbuddyforever.ch\/wp-content\/uploads\/2024\/07\/44-kimi-w-1.jpeg\" data-light-image=\"https:\/\/tsvbuddyforever.ch\/wp-content\/uploads\/2024\/07\/44-kimi-w-1.jpeg\" data-id=\"1361\" class=\"wp-image-1361\" srcset=\"https:\/\/tsvbuddyforever.ch\/wp-content\/uploads\/2024\/07\/44-kimi-w-1-768x1024.jpeg 768w, https:\/\/tsvbuddyforever.ch\/wp-content\/uploads\/2024\/07\/44-kimi-w-1-225x300.jpeg 225w, https:\/\/tsvbuddyforever.ch\/wp-content\/uploads\/2024\/07\/44-kimi-w-1-1152x1536.jpeg 1152w, https:\/\/tsvbuddyforever.ch\/wp-content\/uploads\/2024\/07\/44-kimi-w-1.jpeg 1500w\" sizes=\"auto, (max-width: 750px) 100vw, 750px\" \/><\/div><\/div><\/figure><\/div><\/li><\/ul><\/div>\n\n<p>Kimi wurde am 28.07.2023 geboren und ist ca. 48 cm gro\u00df. Mit ihrem wundersch\u00f6nen, kurzhaarigen und melierten Fell ist sie eine ganz besondere Erscheinung.<\/p>\n<p>Leider zeigt sich Kimi noch sehr \u00e4ngstlich und unsicher. Neue Situationen machen ihr Angst, und sie braucht Zeit, um Vertrauen zu fassen. Hinter ihrer Zur\u00fcckhaltung steckt jedoch eine sensible, junge Seele, die mit Geduld und Liebe lernen wird, Sicherheit zu finden.<\/p>\n<p>F\u00fcr Kimi w\u00fcnschen wir uns ein ruhiges, verst\u00e4ndnisvolles Zuhause idealerweise mit einem souver\u00e4nen Ersthund, an dem sie sich orientieren kann. Mit der richtigen Unterst\u00fctzung hat sie beste Chancen, sich zu einer treuen und liebevollen Begleiterin zu entwickeln.<\/p>","protected":false},"excerpt":{"rendered":"<p>Kimi wurde am 28.07.2023 geboren und ist ca. 48 cm gro\u00df. Mit ihrem wundersch\u00f6nen, kurzhaarigen und melierten Fell ist sie eine ganz besondere Erscheinung. Leider<\/p>\n","protected":false},"author":1,"featured_media":0,"parent":498,"menu_order":17,"comment_status":"closed","ping_status":"closed","template":"","meta":{"footnotes":""},"class_list":["post-1364","page","type-page","status-publish","hentry"],"yoast_head":"<!-- This site is optimized with the Yoast SEO plugin v27.4 - https:\/\/yoast.com\/product\/yoast-seo-wordpress\/ -->\n<title>Kimi - TSV Buddy forever<\/title>\n<meta name=\"robots\" content=\"index, follow, max-snippet:-1, max-image-preview:large, max-video-preview:-1\" \/>\n<link rel=\"canonical\" href=\"https:\/\/tsvbuddyforever.ch\/?page_id=1364\" \/>\n<meta property=\"og:locale\" content=\"de_DE\" \/>\n<meta property=\"og:type\" content=\"article\" \/>\n<meta property=\"og:title\" content=\"Kimi - TSV Buddy forever\" \/>\n<meta property=\"og:description\" content=\"Kimi wurde am 28.07.2023 geboren und ist ca. 48 cm gro\u00df. Mit ihrem wundersch\u00f6nen, kurzhaarigen und melierten Fell ist sie eine ganz besondere Erscheinung. Leider\" \/>\n<meta property=\"og:url\" content=\"https:\/\/tsvbuddyforever.ch\/?page_id=1364\" \/>\n<meta property=\"og:site_name\" content=\"TSV Buddy forever\" \/>\n<meta property=\"article:modified_time\" content=\"2026-02-16T19:03:41+00:00\" \/>\n<meta name=\"twitter:card\" content=\"summary_large_image\" \/>\n<meta name=\"twitter:label1\" content=\"Gesch\u00e4tzte Lesezeit\" \/>\n\t<meta name=\"twitter:data1\" content=\"1\u00a0Minute\" \/>\n<script type=\"application\/ld+json\" class=\"yoast-schema-graph\">{\"@context\":\"https:\\\/\\\/schema.org\",\"@graph\":[{\"@type\":\"WebPage\",\"@id\":\"https:\\\/\\\/tsvbuddyforever.ch\\\/?page_id=1364\",\"url\":\"https:\\\/\\\/tsvbuddyforever.ch\\\/?page_id=1364\",\"name\":\"Kimi - TSV Buddy forever\",\"isPartOf\":{\"@id\":\"https:\\\/\\\/tsvbuddyforever.ch\\\/#website\"},\"datePublished\":\"2024-07-04T11:34:12+00:00\",\"dateModified\":\"2026-02-16T19:03:41+00:00\",\"breadcrumb\":{\"@id\":\"https:\\\/\\\/tsvbuddyforever.ch\\\/?page_id=1364#breadcrumb\"},\"inLanguage\":\"de\",\"potentialAction\":[{\"@type\":\"ReadAction\",\"target\":[\"https:\\\/\\\/tsvbuddyforever.ch\\\/?page_id=1364\"]}]},{\"@type\":\"BreadcrumbList\",\"@id\":\"https:\\\/\\\/tsvbuddyforever.ch\\\/?page_id=1364#breadcrumb\",\"itemListElement\":[{\"@type\":\"ListItem\",\"position\":1,\"name\":\"Startseite\",\"item\":\"https:\\\/\\\/tsvbuddyforever.ch\\\/\"},{\"@type\":\"ListItem\",\"position\":2,\"name\":\"Hunde in Rum\u00e4nien\",\"item\":\"https:\\\/\\\/tsvbuddyforever.ch\\\/?page_id=171\"},{\"@type\":\"ListItem\",\"position\":3,\"name\":\"Weibchen\",\"item\":\"https:\\\/\\\/tsvbuddyforever.ch\\\/?page_id=498\"},{\"@type\":\"ListItem\",\"position\":4,\"name\":\"Kimi\"}]},{\"@type\":\"WebSite\",\"@id\":\"https:\\\/\\\/tsvbuddyforever.ch\\\/#website\",\"url\":\"https:\\\/\\\/tsvbuddyforever.ch\\\/\",\"name\":\"tsvbuddyforever.ch\",\"description\":\"Tierschutz f\u00fcr Hunde\",\"publisher\":{\"@id\":\"https:\\\/\\\/tsvbuddyforever.ch\\\/#organization\"},\"potentialAction\":[{\"@type\":\"SearchAction\",\"target\":{\"@type\":\"EntryPoint\",\"urlTemplate\":\"https:\\\/\\\/tsvbuddyforever.ch\\\/?s={search_term_string}\"},\"query-input\":{\"@type\":\"PropertyValueSpecification\",\"valueRequired\":true,\"valueName\":\"search_term_string\"}}],\"inLanguage\":\"de\"},{\"@type\":\"Organization\",\"@id\":\"https:\\\/\\\/tsvbuddyforever.ch\\\/#organization\",\"name\":\"tsvbuddyforever.ch\",\"url\":\"https:\\\/\\\/tsvbuddyforever.ch\\\/\",\"logo\":{\"@type\":\"ImageObject\",\"inLanguage\":\"de\",\"@id\":\"https:\\\/\\\/tsvbuddyforever.ch\\\/#\\\/schema\\\/logo\\\/image\\\/\",\"url\":\"https:\\\/\\\/tsvbuddyforever.ch\\\/wp-content\\\/uploads\\\/2024\\\/06\\\/cropped-signal-2024-05-23-042240_v1.jpg\",\"contentUrl\":\"https:\\\/\\\/tsvbuddyforever.ch\\\/wp-content\\\/uploads\\\/2024\\\/06\\\/cropped-signal-2024-05-23-042240_v1.jpg\",\"width\":1997,\"height\":625,\"caption\":\"tsvbuddyforever.ch\"},\"image\":{\"@id\":\"https:\\\/\\\/tsvbuddyforever.ch\\\/#\\\/schema\\\/logo\\\/image\\\/\"}}]}<\/script>\n<!-- \/ Yoast SEO plugin. -->","yoast_head_json":{"title":"Kimi - TSV Buddy forever","robots":{"index":"index","follow":"follow","max-snippet":"max-snippet:-1","max-image-preview":"max-image-preview:large","max-video-preview":"max-video-preview:-1"},"canonical":"https:\/\/tsvbuddyforever.ch\/?page_id=1364","og_locale":"de_DE","og_type":"article","og_title":"Kimi - TSV Buddy forever","og_description":"Kimi wurde am 28.07.2023 geboren und ist ca. 48 cm gro\u00df. Mit ihrem wundersch\u00f6nen, kurzhaarigen und melierten Fell ist sie eine ganz besondere Erscheinung. Leider","og_url":"https:\/\/tsvbuddyforever.ch\/?page_id=1364","og_site_name":"TSV Buddy forever","article_modified_time":"2026-02-16T19:03:41+00:00","twitter_card":"summary_large_image","twitter_misc":{"Gesch\u00e4tzte Lesezeit":"1\u00a0Minute"},"schema":{"@context":"https:\/\/schema.org","@graph":[{"@type":"WebPage","@id":"https:\/\/tsvbuddyforever.ch\/?page_id=1364","url":"https:\/\/tsvbuddyforever.ch\/?page_id=1364","name":"Kimi - TSV Buddy forever","isPartOf":{"@id":"https:\/\/tsvbuddyforever.ch\/#website"},"datePublished":"2024-07-04T11:34:12+00:00","dateModified":"2026-02-16T19:03:41+00:00","breadcrumb":{"@id":"https:\/\/tsvbuddyforever.ch\/?page_id=1364#breadcrumb"},"inLanguage":"de","potentialAction":[{"@type":"ReadAction","target":["https:\/\/tsvbuddyforever.ch\/?page_id=1364"]}]},{"@type":"BreadcrumbList","@id":"https:\/\/tsvbuddyforever.ch\/?page_id=1364#breadcrumb","itemListElement":[{"@type":"ListItem","position":1,"name":"Startseite","item":"https:\/\/tsvbuddyforever.ch\/"},{"@type":"ListItem","position":2,"name":"Hunde in Rum\u00e4nien","item":"https:\/\/tsvbuddyforever.ch\/?page_id=171"},{"@type":"ListItem","position":3,"name":"Weibchen","item":"https:\/\/tsvbuddyforever.ch\/?page_id=498"},{"@type":"ListItem","position":4,"name":"Kimi"}]},{"@type":"WebSite","@id":"https:\/\/tsvbuddyforever.ch\/#website","url":"https:\/\/tsvbuddyforever.ch\/","name":"tsvbuddyforever.ch","description":"Tierschutz f\u00fcr Hunde","publisher":{"@id":"https:\/\/tsvbuddyforever.ch\/#organization"},"potentialAction":[{"@type":"SearchAction","target":{"@type":"EntryPoint","urlTemplate":"https:\/\/tsvbuddyforever.ch\/?s={search_term_string}"},"query-input":{"@type":"PropertyValueSpecification","valueRequired":true,"valueName":"search_term_string"}}],"inLanguage":"de"},{"@type":"Organization","@id":"https:\/\/tsvbuddyforever.ch\/#organization","name":"tsvbuddyforever.ch","url":"https:\/\/tsvbuddyforever.ch\/","logo":{"@type":"ImageObject","inLanguage":"de","@id":"https:\/\/tsvbuddyforever.ch\/#\/schema\/logo\/image\/","url":"https:\/\/tsvbuddyforever.ch\/wp-content\/uploads\/2024\/06\/cropped-signal-2024-05-23-042240_v1.jpg","contentUrl":"https:\/\/tsvbuddyforever.ch\/wp-content\/uploads\/2024\/06\/cropped-signal-2024-05-23-042240_v1.jpg","width":1997,"height":625,"caption":"tsvbuddyforever.ch"},"image":{"@id":"https:\/\/tsvbuddyforever.ch\/#\/schema\/logo\/image\/"}}]}},"_links":{"self":[{"href":"https:\/\/tsvbuddyforever.ch\/index.php?rest_route=\/wp\/v2\/pages\/1364","targetHints":{"allow":["GET"]}}],"collection":[{"href":"https:\/\/tsvbuddyforever.ch\/index.php?rest_route=\/wp\/v2\/pages"}],"about":[{"href":"https:\/\/tsvbuddyforever.ch\/index.php?rest_route=\/wp\/v2\/types\/page"}],"author":[{"embeddable":true,"href":"https:\/\/tsvbuddyforever.ch\/index.php?rest_route=\/wp\/v2\/users\/1"}],"replies":[{"embeddable":true,"href":"https:\/\/tsvbuddyforever.ch\/index.php?rest_route=%2Fwp%2Fv2%2Fcomments&post=1364"}],"version-history":[{"count":4,"href":"https:\/\/tsvbuddyforever.ch\/index.php?rest_route=\/wp\/v2\/pages\/1364\/revisions"}],"predecessor-version":[{"id":4524,"href":"https:\/\/tsvbuddyforever.ch\/index.php?rest_route=\/wp\/v2\/pages\/1364\/revisions\/4524"}],"up":[{"embeddable":true,"href":"https:\/\/tsvbuddyforever.ch\/index.php?rest_route=\/wp\/v2\/pages\/498"}],"wp:attachment":[{"href":"https:\/\/tsvbuddyforever.ch\/index.php?rest_route=%2Fwp%2Fv2%2Fmedia&parent=1364"}],"curies":[{"name":"wp","href":"https:\/\/api.w.org\/{rel}","templated":true}]}}