{"id":1278,"date":"2024-07-02T13:22:57","date_gmt":"2024-07-02T11:22:57","guid":{"rendered":"https:\/\/tsvbuddyforever.ch\/tsv\/?page_id=1278"},"modified":"2026-02-16T19:59:41","modified_gmt":"2026-02-16T18:59:41","slug":"maya","status":"publish","type":"page","link":"https:\/\/tsvbuddyforever.ch\/?page_id=1278","title":{"rendered":"Mia"},"content":{"rendered":"\n<figure class=\"wp-block-gallery has-nested-images columns-default is-cropped wp-block-gallery-1 is-layout-flex wp-block-gallery-is-layout-flex\">\n<figure class=\"wp-block-image size-large\"><img loading=\"lazy\" decoding=\"async\" width=\"768\" height=\"1024\" data-id=\"1281\" src=\"https:\/\/tsvbuddyforever.ch\/tsv\/wp-content\/uploads\/2024\/07\/42-w-Maia-10-768x1024.jpeg\" alt=\"\" class=\"wp-image-1281\" srcset=\"https:\/\/tsvbuddyforever.ch\/wp-content\/uploads\/2024\/07\/42-w-Maia-10-768x1024.jpeg 768w, https:\/\/tsvbuddyforever.ch\/wp-content\/uploads\/2024\/07\/42-w-Maia-10-225x300.jpeg 225w, https:\/\/tsvbuddyforever.ch\/wp-content\/uploads\/2024\/07\/42-w-Maia-10-1152x1536.jpeg 1152w, https:\/\/tsvbuddyforever.ch\/wp-content\/uploads\/2024\/07\/42-w-Maia-10.jpeg 1500w\" sizes=\"auto, (max-width: 768px) 100vw, 768px\" \/><\/figure>\n\n\n\n<figure class=\"wp-block-image size-large\"><img loading=\"lazy\" decoding=\"async\" width=\"768\" height=\"1024\" data-id=\"1280\" src=\"https:\/\/tsvbuddyforever.ch\/tsv\/wp-content\/uploads\/2024\/07\/42-w-Maia-13-768x1024.jpeg\" alt=\"\" class=\"wp-image-1280\" srcset=\"https:\/\/tsvbuddyforever.ch\/wp-content\/uploads\/2024\/07\/42-w-Maia-13-768x1024.jpeg 768w, https:\/\/tsvbuddyforever.ch\/wp-content\/uploads\/2024\/07\/42-w-Maia-13-225x300.jpeg 225w, https:\/\/tsvbuddyforever.ch\/wp-content\/uploads\/2024\/07\/42-w-Maia-13-1152x1536.jpeg 1152w, https:\/\/tsvbuddyforever.ch\/wp-content\/uploads\/2024\/07\/42-w-Maia-13.jpeg 1500w\" sizes=\"auto, (max-width: 768px) 100vw, 768px\" \/><\/figure>\n<\/figure>\n\n\n<p>Mia ist ca. 45 cm gro\u00df und wurde am 10.04.2024 geboren. Sie ist die Tochter von Trixi und kam bei uns im Tierheim zur Welt.<\/p>\n<p>Leider zeigt sich Mia noch sehr scheu und unsicher gegen\u00fcber neuen Menschen und Situationen. Sie braucht Zeit, Geduld und einf\u00fchlsame Menschen, die ihr Schritt f\u00fcr Schritt zeigen, dass sie keine Angst haben muss.<\/p>\n<p>In einem ruhigen Zuhause, idealerweise mit einem souver\u00e4nen Ersthund, kann Mia lernen, Vertrauen zu fassen und langsam aufzubl\u00fchen. Sie ist noch jung und hat ihr ganzes Leben vor sich \u00a0mit der richtigen Unterst\u00fctzung wird sie sich zu einer treuen Begleiterin entwickeln.<\/p>","protected":false},"excerpt":{"rendered":"<p>Mia ist ca. 45 cm gro\u00df und wurde am 10.04.2024 geboren. Sie ist die Tochter von Trixi und kam bei uns im Tierheim zur Welt.<\/p>\n","protected":false},"author":1,"featured_media":0,"parent":498,"menu_order":16,"comment_status":"closed","ping_status":"closed","template":"","meta":{"footnotes":""},"class_list":["post-1278","page","type-page","status-publish","hentry"],"yoast_head":"<!-- This site is optimized with the Yoast SEO plugin v27.4 - https:\/\/yoast.com\/product\/yoast-seo-wordpress\/ -->\n<title>Mia - TSV Buddy forever<\/title>\n<meta name=\"robots\" content=\"index, follow, max-snippet:-1, max-image-preview:large, max-video-preview:-1\" \/>\n<link rel=\"canonical\" href=\"https:\/\/tsvbuddyforever.ch\/?page_id=1278\" \/>\n<meta property=\"og:locale\" content=\"de_DE\" \/>\n<meta property=\"og:type\" content=\"article\" \/>\n<meta property=\"og:title\" content=\"Mia - TSV Buddy forever\" \/>\n<meta property=\"og:description\" content=\"Mia ist ca. 45 cm gro\u00df und wurde am 10.04.2024 geboren. Sie ist die Tochter von Trixi und kam bei uns im Tierheim zur Welt.\" \/>\n<meta property=\"og:url\" content=\"https:\/\/tsvbuddyforever.ch\/?page_id=1278\" \/>\n<meta property=\"og:site_name\" content=\"TSV Buddy forever\" \/>\n<meta property=\"article:modified_time\" content=\"2026-02-16T18:59:41+00:00\" \/>\n<meta property=\"og:image\" content=\"https:\/\/tsvbuddyforever.ch\/wp-content\/uploads\/2024\/07\/42-w-Maia-10.jpeg\" \/>\n\t<meta property=\"og:image:width\" content=\"1500\" \/>\n\t<meta property=\"og:image:height\" content=\"2000\" \/>\n\t<meta property=\"og:image:type\" content=\"image\/jpeg\" \/>\n<meta name=\"twitter:card\" content=\"summary_large_image\" \/>\n<meta name=\"twitter:label1\" content=\"Gesch\u00e4tzte Lesezeit\" \/>\n\t<meta name=\"twitter:data1\" content=\"1\u00a0Minute\" \/>\n<script type=\"application\/ld+json\" class=\"yoast-schema-graph\">{\"@context\":\"https:\\\/\\\/schema.org\",\"@graph\":[{\"@type\":\"WebPage\",\"@id\":\"https:\\\/\\\/tsvbuddyforever.ch\\\/?page_id=1278\",\"url\":\"https:\\\/\\\/tsvbuddyforever.ch\\\/?page_id=1278\",\"name\":\"Mia - TSV Buddy forever\",\"isPartOf\":{\"@id\":\"https:\\\/\\\/tsvbuddyforever.ch\\\/#website\"},\"primaryImageOfPage\":{\"@id\":\"https:\\\/\\\/tsvbuddyforever.ch\\\/?page_id=1278#primaryimage\"},\"image\":{\"@id\":\"https:\\\/\\\/tsvbuddyforever.ch\\\/?page_id=1278#primaryimage\"},\"thumbnailUrl\":\"https:\\\/\\\/tsvbuddyforever.ch\\\/tsv\\\/wp-content\\\/uploads\\\/2024\\\/07\\\/42-w-Maia-10-768x1024.jpeg\",\"datePublished\":\"2024-07-02T11:22:57+00:00\",\"dateModified\":\"2026-02-16T18:59:41+00:00\",\"breadcrumb\":{\"@id\":\"https:\\\/\\\/tsvbuddyforever.ch\\\/?page_id=1278#breadcrumb\"},\"inLanguage\":\"de\",\"potentialAction\":[{\"@type\":\"ReadAction\",\"target\":[\"https:\\\/\\\/tsvbuddyforever.ch\\\/?page_id=1278\"]}]},{\"@type\":\"ImageObject\",\"inLanguage\":\"de\",\"@id\":\"https:\\\/\\\/tsvbuddyforever.ch\\\/?page_id=1278#primaryimage\",\"url\":\"https:\\\/\\\/tsvbuddyforever.ch\\\/wp-content\\\/uploads\\\/2024\\\/07\\\/42-w-Maia-10.jpeg\",\"contentUrl\":\"https:\\\/\\\/tsvbuddyforever.ch\\\/wp-content\\\/uploads\\\/2024\\\/07\\\/42-w-Maia-10.jpeg\",\"width\":1500,\"height\":2000},{\"@type\":\"BreadcrumbList\",\"@id\":\"https:\\\/\\\/tsvbuddyforever.ch\\\/?page_id=1278#breadcrumb\",\"itemListElement\":[{\"@type\":\"ListItem\",\"position\":1,\"name\":\"Startseite\",\"item\":\"https:\\\/\\\/tsvbuddyforever.ch\\\/\"},{\"@type\":\"ListItem\",\"position\":2,\"name\":\"Hunde in Rum\u00e4nien\",\"item\":\"https:\\\/\\\/tsvbuddyforever.ch\\\/?page_id=171\"},{\"@type\":\"ListItem\",\"position\":3,\"name\":\"Weibchen\",\"item\":\"https:\\\/\\\/tsvbuddyforever.ch\\\/?page_id=498\"},{\"@type\":\"ListItem\",\"position\":4,\"name\":\"Mia\"}]},{\"@type\":\"WebSite\",\"@id\":\"https:\\\/\\\/tsvbuddyforever.ch\\\/#website\",\"url\":\"https:\\\/\\\/tsvbuddyforever.ch\\\/\",\"name\":\"tsvbuddyforever.ch\",\"description\":\"Tierschutz f\u00fcr Hunde\",\"publisher\":{\"@id\":\"https:\\\/\\\/tsvbuddyforever.ch\\\/#organization\"},\"potentialAction\":[{\"@type\":\"SearchAction\",\"target\":{\"@type\":\"EntryPoint\",\"urlTemplate\":\"https:\\\/\\\/tsvbuddyforever.ch\\\/?s={search_term_string}\"},\"query-input\":{\"@type\":\"PropertyValueSpecification\",\"valueRequired\":true,\"valueName\":\"search_term_string\"}}],\"inLanguage\":\"de\"},{\"@type\":\"Organization\",\"@id\":\"https:\\\/\\\/tsvbuddyforever.ch\\\/#organization\",\"name\":\"tsvbuddyforever.ch\",\"url\":\"https:\\\/\\\/tsvbuddyforever.ch\\\/\",\"logo\":{\"@type\":\"ImageObject\",\"inLanguage\":\"de\",\"@id\":\"https:\\\/\\\/tsvbuddyforever.ch\\\/#\\\/schema\\\/logo\\\/image\\\/\",\"url\":\"https:\\\/\\\/tsvbuddyforever.ch\\\/wp-content\\\/uploads\\\/2024\\\/06\\\/cropped-signal-2024-05-23-042240_v1.jpg\",\"contentUrl\":\"https:\\\/\\\/tsvbuddyforever.ch\\\/wp-content\\\/uploads\\\/2024\\\/06\\\/cropped-signal-2024-05-23-042240_v1.jpg\",\"width\":1997,\"height\":625,\"caption\":\"tsvbuddyforever.ch\"},\"image\":{\"@id\":\"https:\\\/\\\/tsvbuddyforever.ch\\\/#\\\/schema\\\/logo\\\/image\\\/\"}}]}<\/script>\n<!-- \/ Yoast SEO plugin. -->","yoast_head_json":{"title":"Mia - TSV Buddy forever","robots":{"index":"index","follow":"follow","max-snippet":"max-snippet:-1","max-image-preview":"max-image-preview:large","max-video-preview":"max-video-preview:-1"},"canonical":"https:\/\/tsvbuddyforever.ch\/?page_id=1278","og_locale":"de_DE","og_type":"article","og_title":"Mia - TSV Buddy forever","og_description":"Mia ist ca. 45 cm gro\u00df und wurde am 10.04.2024 geboren. Sie ist die Tochter von Trixi und kam bei uns im Tierheim zur Welt.","og_url":"https:\/\/tsvbuddyforever.ch\/?page_id=1278","og_site_name":"TSV Buddy forever","article_modified_time":"2026-02-16T18:59:41+00:00","og_image":[{"width":1500,"height":2000,"url":"https:\/\/tsvbuddyforever.ch\/wp-content\/uploads\/2024\/07\/42-w-Maia-10.jpeg","type":"image\/jpeg"}],"twitter_card":"summary_large_image","twitter_misc":{"Gesch\u00e4tzte Lesezeit":"1\u00a0Minute"},"schema":{"@context":"https:\/\/schema.org","@graph":[{"@type":"WebPage","@id":"https:\/\/tsvbuddyforever.ch\/?page_id=1278","url":"https:\/\/tsvbuddyforever.ch\/?page_id=1278","name":"Mia - TSV Buddy forever","isPartOf":{"@id":"https:\/\/tsvbuddyforever.ch\/#website"},"primaryImageOfPage":{"@id":"https:\/\/tsvbuddyforever.ch\/?page_id=1278#primaryimage"},"image":{"@id":"https:\/\/tsvbuddyforever.ch\/?page_id=1278#primaryimage"},"thumbnailUrl":"https:\/\/tsvbuddyforever.ch\/tsv\/wp-content\/uploads\/2024\/07\/42-w-Maia-10-768x1024.jpeg","datePublished":"2024-07-02T11:22:57+00:00","dateModified":"2026-02-16T18:59:41+00:00","breadcrumb":{"@id":"https:\/\/tsvbuddyforever.ch\/?page_id=1278#breadcrumb"},"inLanguage":"de","potentialAction":[{"@type":"ReadAction","target":["https:\/\/tsvbuddyforever.ch\/?page_id=1278"]}]},{"@type":"ImageObject","inLanguage":"de","@id":"https:\/\/tsvbuddyforever.ch\/?page_id=1278#primaryimage","url":"https:\/\/tsvbuddyforever.ch\/wp-content\/uploads\/2024\/07\/42-w-Maia-10.jpeg","contentUrl":"https:\/\/tsvbuddyforever.ch\/wp-content\/uploads\/2024\/07\/42-w-Maia-10.jpeg","width":1500,"height":2000},{"@type":"BreadcrumbList","@id":"https:\/\/tsvbuddyforever.ch\/?page_id=1278#breadcrumb","itemListElement":[{"@type":"ListItem","position":1,"name":"Startseite","item":"https:\/\/tsvbuddyforever.ch\/"},{"@type":"ListItem","position":2,"name":"Hunde in Rum\u00e4nien","item":"https:\/\/tsvbuddyforever.ch\/?page_id=171"},{"@type":"ListItem","position":3,"name":"Weibchen","item":"https:\/\/tsvbuddyforever.ch\/?page_id=498"},{"@type":"ListItem","position":4,"name":"Mia"}]},{"@type":"WebSite","@id":"https:\/\/tsvbuddyforever.ch\/#website","url":"https:\/\/tsvbuddyforever.ch\/","name":"tsvbuddyforever.ch","description":"Tierschutz f\u00fcr Hunde","publisher":{"@id":"https:\/\/tsvbuddyforever.ch\/#organization"},"potentialAction":[{"@type":"SearchAction","target":{"@type":"EntryPoint","urlTemplate":"https:\/\/tsvbuddyforever.ch\/?s={search_term_string}"},"query-input":{"@type":"PropertyValueSpecification","valueRequired":true,"valueName":"search_term_string"}}],"inLanguage":"de"},{"@type":"Organization","@id":"https:\/\/tsvbuddyforever.ch\/#organization","name":"tsvbuddyforever.ch","url":"https:\/\/tsvbuddyforever.ch\/","logo":{"@type":"ImageObject","inLanguage":"de","@id":"https:\/\/tsvbuddyforever.ch\/#\/schema\/logo\/image\/","url":"https:\/\/tsvbuddyforever.ch\/wp-content\/uploads\/2024\/06\/cropped-signal-2024-05-23-042240_v1.jpg","contentUrl":"https:\/\/tsvbuddyforever.ch\/wp-content\/uploads\/2024\/06\/cropped-signal-2024-05-23-042240_v1.jpg","width":1997,"height":625,"caption":"tsvbuddyforever.ch"},"image":{"@id":"https:\/\/tsvbuddyforever.ch\/#\/schema\/logo\/image\/"}}]}},"_links":{"self":[{"href":"https:\/\/tsvbuddyforever.ch\/index.php?rest_route=\/wp\/v2\/pages\/1278","targetHints":{"allow":["GET"]}}],"collection":[{"href":"https:\/\/tsvbuddyforever.ch\/index.php?rest_route=\/wp\/v2\/pages"}],"about":[{"href":"https:\/\/tsvbuddyforever.ch\/index.php?rest_route=\/wp\/v2\/types\/page"}],"author":[{"embeddable":true,"href":"https:\/\/tsvbuddyforever.ch\/index.php?rest_route=\/wp\/v2\/users\/1"}],"replies":[{"embeddable":true,"href":"https:\/\/tsvbuddyforever.ch\/index.php?rest_route=%2Fwp%2Fv2%2Fcomments&post=1278"}],"version-history":[{"count":5,"href":"https:\/\/tsvbuddyforever.ch\/index.php?rest_route=\/wp\/v2\/pages\/1278\/revisions"}],"predecessor-version":[{"id":4520,"href":"https:\/\/tsvbuddyforever.ch\/index.php?rest_route=\/wp\/v2\/pages\/1278\/revisions\/4520"}],"up":[{"embeddable":true,"href":"https:\/\/tsvbuddyforever.ch\/index.php?rest_route=\/wp\/v2\/pages\/498"}],"wp:attachment":[{"href":"https:\/\/tsvbuddyforever.ch\/index.php?rest_route=%2Fwp%2Fv2%2Fmedia&parent=1278"}],"curies":[{"name":"wp","href":"https:\/\/api.w.org\/{rel}","templated":true}]}}